{"id":7711,"date":"2020-05-03T22:39:22","date_gmt":"2020-05-03T22:39:22","guid":{"rendered":"https:\/\/teamsters853.org\/noticias-y-publicaciones\/archivo-de-conexiones\/"},"modified":"2020-05-03T22:39:22","modified_gmt":"2020-05-03T22:39:22","slug":"archivo-de-conexiones","status":"publish","type":"page","link":"https:\/\/teamsters853.org\/es\/noticias-y-publicaciones\/archivo-de-conexiones\/","title":{"rendered":"Archivo de conexiones"},"content":{"rendered":"<h2>Teamsters Local 853 Bolet\u00edn <i>Conexiones<\/i> <\/h2>\n<p>Haga clic en un n\u00famero anterior para obtener una copia en PDF de nuestro bolet\u00edn.<\/p>\n<h2><a href=\"\/\/teamsters853.org\/wp-content\/uploads\/2022\/12\/2022-Holiday-Connex-.pdf%5C%22\" target=\"\\\"_blank\\\"\" rel=\"\\\"noopener\\\" noopener\">Vacaciones 2022<\/a><\/h2>\n<h3>Archivo de boletines<\/h3>\n<p><a href=\"%5C%22https:\/\/teamsters853.org\/wp-content\/uploads\/2021\/12\/2021-Holiday-Connex-W.pdf%5C%22\">Vacaciones 2021<\/a><\/p>\n<p><a href=\"\/\/teamsters853.org\/wp-content\/uploads\/2020\/12\/2020-Holiday-Connex-W-1.pdf%5C%22\" target=\"\\\"_blank\\\"\" rel=\"\\\"noopener\\\" noopener\">Vacaciones 2020<\/a><\/p>\n<p><a href=\"\/\/teamsters853.org\/wp-content\/uploads\/2022\/03\/2020_Fall.pdf%5C%22\" target=\"\\\"_blank\\\"\" rel=\"\\\"noopener\\\" noopener\">Oto\u00f1o 2020<\/a><\/p>\n<p><a href=\"\/\/teamsters853.org\/wp-content\/uploads\/2021\/11\/2020-Coronavirus-Connex-FINAL2.pdf%5C%22\" target=\"\\\"_blank\\\"\" rel=\"\\\"noopener\\\" noopener\">Primavera 2020<\/a><\/p>\n<p><a href=\"\/\/teamsters853.org\/wp-content\/uploads\/2020\/03\/2019_Holiday.pdf%5C%22\" target=\"\\\"_blank\\\"\" rel=\"\\\"noopener\\\" noopener\">Vacaciones 2019<\/a><\/p>\n<p><a href=\"\/\/teamsters853.org\/connections\/2019_Spring.pdf%5C%22\" target=\"\\\"_blank\\\"\" rel=\"\\\"noopener\\\" noopener\">Primavera de 2019<\/a><\/p>\n<p><a href=\"\/\/teamsters853.org\/connections\/2018_Holiday.pdf%5C%22\" target=\"\\\"_blank\\\"\" rel=\"\\\"noopener\\\" noopener\">Vacaciones 2018<\/a><\/p>\n<p><a href=\"\/\/teamsters853.org\/connections\/2018_Fall.pdf%5C%22\" target=\"\\\"_blank\\\"\" rel=\"\\\"noopener\\\" noopener\">Oto\u00f1o de 2018<\/a><\/p>\n<p><a href=\"\/\/teamsters853.org\/connections\/2017_Holiday.pdf%5C%22\" target=\"\\\"_blank\\\"\" rel=\"\\\"noopener\\\" noopener\">Vacaciones 2017<\/a><\/p>\n<p><a href=\"\/\/teamsters853.org\/connections\/2017_Summer.pdf%5C%22\" target=\"\\\"_blank\\\"\" rel=\"\\\"noopener\\\" noopener\">Verano de 2017<\/a><\/p>\n<p><a href=\"\/\/teamsters853.org\/connections\/2016_Holiday.pdf%5C%22\" target=\"\\\"_blank\\\"\" rel=\"\\\"noopener\\\" noopener\">Vacaciones 2016<\/a><\/p>\n<p><a href=\"\/\/teamsters853.org\/connections\/2016_Spring.pdf%5C%22\" target=\"\\\"_blank\\\"\" rel=\"\\\"noopener\\\" noopener\">Primavera de 2016<\/a><\/p>\n<p><a href=\"\/\/teamsters853.org\/connections\/2015_Holiday.pdf%5C%22\" target=\"\\\"_blank\\\"\" rel=\"\\\"noopener\\\" noopener\">Vacaciones 2015<\/a><\/p>\n<p><a href=\"\/\/teamsters853.org\/connections\/2015_Summer.pdf%5C%22\" target=\"\\\"_blank\\\"\" rel=\"\\\"noopener\\\" noopener\">Verano de 2015<\/a><\/p>\n<p><a href=\"\/\/teamsters853.org\/connections\/2014_Holiday.pdf%5C%22\" target=\"\\\"_blank\\\"\" rel=\"\\\"noopener\\\" noopener\">Vacaciones 2014<\/a><\/p>\n<p><a href=\"\/\/teamsters853.org\/connections\/2014_Summer.pdf%5C%22\" target=\"\\\"_blank\\\"\" rel=\"\\\"noopener\\\" noopener\">Verano de 2014<\/a><\/p>\n<p><a href=\"\/\/teamsters853.org\/connections\/2013_Holiday_Connex.pdf%5C%22\" target=\"\\\"_blank\\\"\" rel=\"\\\"noopener\\\" noopener\">Vacaciones 2013<\/a><\/p>\n<p><a href=\"\/\/teamsters853.org\/connections\/2013_Spring-Summer%20.pdf%5C%22\" target=\"\\\"_blank\\\"\" rel=\"\\\"noopener\\\" noopener\">Primavera-Verano 2013<\/a><\/p>\n<p><a href=\"\/\/teamsters853.org\/connections\/2012_winter.pdf%5C%22\" target=\"\\\"_blank\\\"\" rel=\"\\\"noopener\\\" noopener\">Invierno de 2012<\/a><\/p>\n<p><a href=\"\/\/teamsters853.org\/connections\/2012_winter.pdf%5C%22\" target=\"\\\"_blank\\\"\" rel=\"\\\"noopener\\\" noopener\">Primavera-Verano 2012<\/a><\/p>\n<p><a href=\"\/\/www.teamsters853.org\/connections\/2011_winter.pdf%5C%22\" target=\"\\\"_blank\\\"\" rel=\"\\\"noopener\\\" noopener\">Invierno 2011<\/a><\/p>\n<p><a href=\"\/\/www.teamsters853.org\/connections\/2011_spring.pdf%5C%22\" target=\"\\\"_blank\\\"\" rel=\"\\\"noopener\\\" noopener\">Primavera 2011<\/a><\/p>\n<p><a href=\"\/\/www.teamsters853.org\/connections\/2010_Dec.pdf%5C%22\" target=\"\\\"_blank\\\"\" rel=\"\\\"noopener\\\" noopener\">Diciembre 2010<\/a><\/p>\n<p><a href=\"\/\/www.teamsters853.org\/connections\/2010_Election.pdf%5C%22\" target=\"\\\"_blank\\\"\" rel=\"\\\"noopener\\\" noopener\">Elecciones 2010<\/a><\/p>\n<p><a href=\"\/\/www.teamsters853.org\/connections\/2009_winter.pdf%5C%22\" target=\"\\\"_blank\\\"\" rel=\"\\\"noopener\\\" noopener\">Invierno 2009<\/a><\/p>\n<p><a href=\"\/\/www.teamsters853.org\/connections\/2009_summer.pdf%5C%22\" target=\"\\\"_blank\\\"\" rel=\"\\\"noopener\\\" noopener\">Verano 2009<\/a><\/p>\n<p><a href=\"\/\/www.teamsters853.org\/connections\/2008_ON.pdf%5C%22\" target=\"\\\"_blank\\\"\" rel=\"\\\"noopener\\\" noopener\">Octubre-noviembre de 2008<\/a><\/p>\n<p><a href=\"\/\/www.teamsters853.org\/connections\/2008_summer.pdf%5C%22\" target=\"\\\"_blank\\\"\" rel=\"\\\"noopener\\\" noopener\">Verano de 2008<\/a><\/p>\n<p><a href=\"\/\/www.teamsters853.org\/connections\/2008_Winter.pdf%5C%22\" target=\"\\\"_blank\\\"\" rel=\"\\\"noopener\\\" noopener\">Invierno de 2008<\/a><\/p>\n<p><a href=\"\/\/www.teamsters853.org\/connections\/2007_DECEMBER_CONNEX.pdf%5C%22\" target=\"\\\"_blank\\\"\" rel=\"\\\"noopener\\\" noopener\">Diciembre de 2007<\/a><\/p>\n<p><a href=\"\/\/www.teamsters853.org\/connections\/2007_Autumn_CONNEX.pdf%5C%22\" target=\"\\\"_blank\\\"\" rel=\"\\\"noopener\\\" noopener\">Oto\u00f1o de 2007<\/a><\/p>\n<p><a href=\"\/\/www.teamsters853.org\/connections\/2006_DECEMBER_CONNEX.pdf%5C%22\" target=\"\\\"_blank\\\"\" rel=\"\\\"noopener\\\" noopener\">Diciembre de 2006<\/a><\/p>\n<p><a href=\"\/\/www.teamsters853.org\/connections\/Oct_2006_CONNEX.pdf%5C%22\" target=\"\\\"_blank\\\"\" rel=\"\\\"noopener\\\" noopener\">Octubre de 2006<\/a><\/p>\n<p><a href=\"\/\/www.teamsters853.org\/connections\/2005_Dec_CONNEX.pdf%5C%22\" target=\"\\\"_blank\\\"\" rel=\"\\\"noopener\\\" noopener\">Diciembre de 2005<\/a><\/p>\n<p><a href=\"\/\/www.teamsters853.org\/connections\/2005_Autumn_CONNEX.pdf%5C%22\" target=\"\\\"_blank\\\"\" rel=\"\\\"noopener\\\" noopener\">Oto\u00f1o de 2005<\/a><\/p>\n<p><a href=\"\/\/www.teamsters853.org\/connections\/2005_JJ_Connex.pdf%5C%22\" target=\"\\\"_blank\\\"\" rel=\"\\\"noopener\\\" noopener\">Junio-julio de 2005<\/a><\/p>\n<p><a href=\"\/\/www.teamsters853.org\/connections\/2005_Spring_CONNEX.pdf%5C%22\" target=\"\\\"_blank\\\"\" rel=\"\\\"noopener\\\" noopener\">Primavera de 2005<\/a><\/p>\n<p><a href=\"\/\/www.teamsters853.org\/connections\/2004_Dec_Connex.pdf%5C%22\" target=\"\\\"_blank\\\"\" rel=\"\\\"noopener\\\" noopener\">Invierno 2004<\/a><\/p>\n<p><a href=\"\/\/www.teamsters853.org\/connections\/2004_Autumn_Connex.pdf%5C%22\" target=\"\\\"_blank\\\"\" rel=\"\\\"noopener\\\" noopener\">Oto\u00f1o 2004<\/a><\/p>\n<p><a href=\"\/\/www.teamsters853.org\/connections\/2004_Spring_Connex.pdf%5C%22\" target=\"\\\"_blank\\\"\" rel=\"\\\"noopener\\\" noopener\">Primavera de 2004<\/a><\/p>\n<p><a href=\"\/\/www.teamsters853.org\/connections\/2003_Dec_Connex.pdf%5C%22\" target=\"\\\"_blank\\\"\" rel=\"\\\"noopener\\\" noopener\">Diciembre de 2003<\/a><\/p>\n<p><a href=\"\/\/www.teamsters853.org\/connections\/2003_Summer_Connex.pdf%5C%22\" target=\"\\\"_blank\\\"\" rel=\"\\\"noopener\\\" noopener\">Verano de 2003<\/a><\/p>\n<p><a href=\"\/\/www.teamsters853.org\/connections\/2002_December_Connex.pdf%5C%22\" target=\"\\\"_blank\\\"\" rel=\"\\\"noopener\\\" noopener\">Diciembre de 2002<\/a><\/p>\n<p><a href=\"\/\/www.teamsters853.org\/connections\/2002_Summer_Connex.pdf%5C%22\" target=\"\\\"_blank\\\"\" rel=\"\\\"noopener\\\" noopener\">Verano de 2002<\/a><\/p>\n<p><a href=\"\/\/www.teamsters853.org\/connections\/2001_Dec_Connex.pdf%5C%22\" target=\"\\\"_blank\\\"\" rel=\"\\\"noopener\\\" noopener\">Diciembre de 2001<\/a><\/p>\n<p><a href=\"\/\/www.teamsters853.org\/connections\/2001_June_Connex.pdf%5C%22\" target=\"\\\"_blank\\\"\" rel=\"\\\"noopener\\\" noopener\">Junio de 2001<\/a><\/p>\n<p><a href=\"\/\/www.teamsters853.org\/connections\/2000_Nov-Dec_Connex.pdf%5C%22\" target=\"\\\"_blank\\\"\" rel=\"\\\"noopener\\\" noopener\">Invierno 2000<\/a><\/p>\n<p><a href=\"%5C%22http:\/\/www.teamsters853.org\/connections\/2000_Apr-May_CONNEX.pdf%5C%22\">Primavera de 2000<\/a><\/p>\n<p><a href=\"%5C%22http:\/\/www.teamsters853.org\/connections\/1999-2000_D-J_Connex.pdf%5C%22\">Dic 1999-Ene 2000<\/a><\/p>\n","protected":false},"excerpt":{"rendered":"<p>Teamsters Local 853 Bolet\u00edn Conexiones Haga clic en un n\u00famero anterior para obtener una copia en PDF de nuestro bolet\u00edn. Vacaciones 2022 Archivo de boletines Vacaciones 2021 Vacaciones 2020 Oto\u00f1o 2020 Primavera 2020 Vacaciones 2019 Primavera de 2019 Vacaciones 2018 Oto\u00f1o de 2018 Vacaciones 2017 Verano de 2017 Vacaciones 2016 Primavera de 2016 Vacaciones 2015 [&hellip;]<\/p>\n","protected":false},"author":2,"featured_media":0,"parent":7706,"menu_order":1,"comment_status":"closed","ping_status":"closed","template":"","meta":{"site-sidebar-layout":"default","site-content-layout":"","ast-site-content-layout":"default","site-content-style":"default","site-sidebar-style":"default","ast-global-header-display":"","ast-banner-title-visibility":"","ast-main-header-display":"","ast-hfb-above-header-display":"","ast-hfb-below-header-display":"","ast-hfb-mobile-header-display":"","site-post-title":"disabled","ast-breadcrumbs-content":"","ast-featured-img":"","footer-sml-layout":"","ast-disable-related-posts":"","theme-transparent-header-meta":"","adv-header-id-meta":"","stick-header-meta":"","header-above-stick-meta":"","header-main-stick-meta":"","header-below-stick-meta":"","astra-migrate-meta-layouts":"default","ast-page-background-enabled":"default","ast-page-background-meta":{"desktop":{"background-color":"","background-image":"","background-repeat":"repeat","background-position":"center center","background-size":"auto","background-attachment":"scroll","background-type":"","background-media":"","overlay-type":"","overlay-color":"","overlay-opacity":"","overlay-gradient":""},"tablet":{"background-color":"","background-image":"","background-repeat":"repeat","background-position":"center center","background-size":"auto","background-attachment":"scroll","background-type":"","background-media":"","overlay-type":"","overlay-color":"","overlay-opacity":"","overlay-gradient":""},"mobile":{"background-color":"","background-image":"","background-repeat":"repeat","background-position":"center center","background-size":"auto","background-attachment":"scroll","background-type":"","background-media":"","overlay-type":"","overlay-color":"","overlay-opacity":"","overlay-gradient":""}},"ast-content-background-meta":{"desktop":{"background-color":"var(--ast-global-color-5)","background-image":"","background-repeat":"repeat","background-position":"center center","background-size":"auto","background-attachment":"scroll","background-type":"","background-media":"","overlay-type":"","overlay-color":"","overlay-opacity":"","overlay-gradient":""},"tablet":{"background-color":"var(--ast-global-color-5)","background-image":"","background-repeat":"repeat","background-position":"center center","background-size":"auto","background-attachment":"scroll","background-type":"","background-media":"","overlay-type":"","overlay-color":"","overlay-opacity":"","overlay-gradient":""},"mobile":{"background-color":"var(--ast-global-color-5)","background-image":"","background-repeat":"repeat","background-position":"center center","background-size":"auto","background-attachment":"scroll","background-type":"","background-media":"","overlay-type":"","overlay-color":"","overlay-opacity":"","overlay-gradient":""}},"footnotes":""},"class_list":["post-7711","page","type-page","status-publish","hentry"],"yoast_head":"<!-- This site is optimized with the Yoast SEO plugin v27.5 - https:\/\/yoast.com\/product\/yoast-seo-wordpress\/ -->\n<title>Archivo de conexiones - Teamsters Local 853<\/title>\n<meta name=\"robots\" content=\"index, follow, max-snippet:-1, max-image-preview:large, max-video-preview:-1\" \/>\n<link rel=\"canonical\" href=\"https:\/\/teamsters853.org\/noticias-y-publicaciones\/archivo-de-conexiones\/\" \/>\n<meta property=\"og:locale\" content=\"es_ES\" \/>\n<meta property=\"og:type\" content=\"article\" \/>\n<meta property=\"og:title\" content=\"Archivo de conexiones - Teamsters Local 853\" \/>\n<meta property=\"og:description\" content=\"Teamsters Local 853 Bolet\u00edn Conexiones Haga clic en un n\u00famero anterior para obtener una copia en PDF de nuestro bolet\u00edn. Vacaciones 2022 Archivo de boletines Vacaciones 2021 Vacaciones 2020 Oto\u00f1o 2020 Primavera 2020 Vacaciones 2019 Primavera de 2019 Vacaciones 2018 Oto\u00f1o de 2018 Vacaciones 2017 Verano de 2017 Vacaciones 2016 Primavera de 2016 Vacaciones 2015 [&hellip;]\" \/>\n<meta property=\"og:url\" content=\"https:\/\/teamsters853.org\/noticias-y-publicaciones\/archivo-de-conexiones\/\" \/>\n<meta property=\"og:site_name\" content=\"Teamsters Local 853\" \/>\n<meta property=\"article:publisher\" content=\"https:\/\/www.facebook.com\/team853\/\" \/>\n<meta name=\"twitter:card\" content=\"summary_large_image\" \/>\n<meta name=\"twitter:label1\" content=\"Tiempo de lectura\" \/>\n\t<meta name=\"twitter:data1\" content=\"1 minuto\" \/>\n<script type=\"application\/ld+json\" class=\"yoast-schema-graph\">{\"@context\":\"https:\\\/\\\/schema.org\",\"@graph\":[{\"@type\":\"WebPage\",\"@id\":\"https:\\\/\\\/teamsters853.org\\\/noticias-y-publicaciones\\\/archivo-de-conexiones\\\/\",\"url\":\"https:\\\/\\\/teamsters853.org\\\/noticias-y-publicaciones\\\/archivo-de-conexiones\\\/\",\"name\":\"Archivo de conexiones - Teamsters Local 853\",\"isPartOf\":{\"@id\":\"https:\\\/\\\/teamsters853.org\\\/#website\"},\"datePublished\":\"2020-05-03T22:39:22+00:00\",\"breadcrumb\":{\"@id\":\"https:\\\/\\\/teamsters853.org\\\/noticias-y-publicaciones\\\/archivo-de-conexiones\\\/#breadcrumb\"},\"inLanguage\":\"es\",\"potentialAction\":[{\"@type\":\"ReadAction\",\"target\":[\"https:\\\/\\\/teamsters853.org\\\/noticias-y-publicaciones\\\/archivo-de-conexiones\\\/\"]}]},{\"@type\":\"BreadcrumbList\",\"@id\":\"https:\\\/\\\/teamsters853.org\\\/noticias-y-publicaciones\\\/archivo-de-conexiones\\\/#breadcrumb\",\"itemListElement\":[{\"@type\":\"ListItem\",\"position\":1,\"name\":\"Home\",\"item\":\"https:\\\/\\\/teamsters853.org\\\/es\\\/\"},{\"@type\":\"ListItem\",\"position\":2,\"name\":\"Noticias y publicaciones\",\"item\":\"https:\\\/\\\/teamsters853.org\\\/es\\\/noticias-y-publicaciones\\\/\"},{\"@type\":\"ListItem\",\"position\":3,\"name\":\"Archivo de conexiones\"}]},{\"@type\":\"WebSite\",\"@id\":\"https:\\\/\\\/teamsters853.org\\\/#website\",\"url\":\"https:\\\/\\\/teamsters853.org\\\/\",\"name\":\"Teamsters Local Union 853\",\"description\":\"WHERE AND WHEN:\",\"publisher\":{\"@id\":\"https:\\\/\\\/teamsters853.org\\\/#organization\"},\"potentialAction\":[{\"@type\":\"SearchAction\",\"target\":{\"@type\":\"EntryPoint\",\"urlTemplate\":\"https:\\\/\\\/teamsters853.org\\\/?s={search_term_string}\"},\"query-input\":{\"@type\":\"PropertyValueSpecification\",\"valueRequired\":true,\"valueName\":\"search_term_string\"}}],\"inLanguage\":\"es\"},{\"@type\":\"Organization\",\"@id\":\"https:\\\/\\\/teamsters853.org\\\/#organization\",\"name\":\"Teamsters Local Union 853\",\"url\":\"https:\\\/\\\/teamsters853.org\\\/\",\"logo\":{\"@type\":\"ImageObject\",\"inLanguage\":\"es\",\"@id\":\"https:\\\/\\\/teamsters853.org\\\/#\\\/schema\\\/logo\\\/image\\\/\",\"url\":\"https:\\\/\\\/teamsters853.org\\\/wp-content\\\/uploads\\\/2023\\\/01\\\/cropped-Teamsters-Local-853-Logo.png\",\"contentUrl\":\"https:\\\/\\\/teamsters853.org\\\/wp-content\\\/uploads\\\/2023\\\/01\\\/cropped-Teamsters-Local-853-Logo.png\",\"width\":600,\"height\":747,\"caption\":\"Teamsters Local Union 853\"},\"image\":{\"@id\":\"https:\\\/\\\/teamsters853.org\\\/#\\\/schema\\\/logo\\\/image\\\/\"},\"sameAs\":[\"https:\\\/\\\/www.facebook.com\\\/team853\\\/\"]}]}<\/script>\n<!-- \/ Yoast SEO plugin. -->","yoast_head_json":{"title":"Archivo de conexiones - Teamsters Local 853","robots":{"index":"index","follow":"follow","max-snippet":"max-snippet:-1","max-image-preview":"max-image-preview:large","max-video-preview":"max-video-preview:-1"},"canonical":"https:\/\/teamsters853.org\/noticias-y-publicaciones\/archivo-de-conexiones\/","og_locale":"es_ES","og_type":"article","og_title":"Archivo de conexiones - Teamsters Local 853","og_description":"Teamsters Local 853 Bolet\u00edn Conexiones Haga clic en un n\u00famero anterior para obtener una copia en PDF de nuestro bolet\u00edn. Vacaciones 2022 Archivo de boletines Vacaciones 2021 Vacaciones 2020 Oto\u00f1o 2020 Primavera 2020 Vacaciones 2019 Primavera de 2019 Vacaciones 2018 Oto\u00f1o de 2018 Vacaciones 2017 Verano de 2017 Vacaciones 2016 Primavera de 2016 Vacaciones 2015 [&hellip;]","og_url":"https:\/\/teamsters853.org\/noticias-y-publicaciones\/archivo-de-conexiones\/","og_site_name":"Teamsters Local 853","article_publisher":"https:\/\/www.facebook.com\/team853\/","twitter_card":"summary_large_image","twitter_misc":{"Tiempo de lectura":"1 minuto"},"schema":{"@context":"https:\/\/schema.org","@graph":[{"@type":"WebPage","@id":"https:\/\/teamsters853.org\/noticias-y-publicaciones\/archivo-de-conexiones\/","url":"https:\/\/teamsters853.org\/noticias-y-publicaciones\/archivo-de-conexiones\/","name":"Archivo de conexiones - Teamsters Local 853","isPartOf":{"@id":"https:\/\/teamsters853.org\/#website"},"datePublished":"2020-05-03T22:39:22+00:00","breadcrumb":{"@id":"https:\/\/teamsters853.org\/noticias-y-publicaciones\/archivo-de-conexiones\/#breadcrumb"},"inLanguage":"es","potentialAction":[{"@type":"ReadAction","target":["https:\/\/teamsters853.org\/noticias-y-publicaciones\/archivo-de-conexiones\/"]}]},{"@type":"BreadcrumbList","@id":"https:\/\/teamsters853.org\/noticias-y-publicaciones\/archivo-de-conexiones\/#breadcrumb","itemListElement":[{"@type":"ListItem","position":1,"name":"Home","item":"https:\/\/teamsters853.org\/es\/"},{"@type":"ListItem","position":2,"name":"Noticias y publicaciones","item":"https:\/\/teamsters853.org\/es\/noticias-y-publicaciones\/"},{"@type":"ListItem","position":3,"name":"Archivo de conexiones"}]},{"@type":"WebSite","@id":"https:\/\/teamsters853.org\/#website","url":"https:\/\/teamsters853.org\/","name":"Teamsters Local Union 853","description":"WHERE AND WHEN:","publisher":{"@id":"https:\/\/teamsters853.org\/#organization"},"potentialAction":[{"@type":"SearchAction","target":{"@type":"EntryPoint","urlTemplate":"https:\/\/teamsters853.org\/?s={search_term_string}"},"query-input":{"@type":"PropertyValueSpecification","valueRequired":true,"valueName":"search_term_string"}}],"inLanguage":"es"},{"@type":"Organization","@id":"https:\/\/teamsters853.org\/#organization","name":"Teamsters Local Union 853","url":"https:\/\/teamsters853.org\/","logo":{"@type":"ImageObject","inLanguage":"es","@id":"https:\/\/teamsters853.org\/#\/schema\/logo\/image\/","url":"https:\/\/teamsters853.org\/wp-content\/uploads\/2023\/01\/cropped-Teamsters-Local-853-Logo.png","contentUrl":"https:\/\/teamsters853.org\/wp-content\/uploads\/2023\/01\/cropped-Teamsters-Local-853-Logo.png","width":600,"height":747,"caption":"Teamsters Local Union 853"},"image":{"@id":"https:\/\/teamsters853.org\/#\/schema\/logo\/image\/"},"sameAs":["https:\/\/www.facebook.com\/team853\/"]}]}},"_links":{"self":[{"href":"https:\/\/teamsters853.org\/es\/wp-json\/wp\/v2\/pages\/7711","targetHints":{"allow":["GET"]}}],"collection":[{"href":"https:\/\/teamsters853.org\/es\/wp-json\/wp\/v2\/pages"}],"about":[{"href":"https:\/\/teamsters853.org\/es\/wp-json\/wp\/v2\/types\/page"}],"author":[{"embeddable":true,"href":"https:\/\/teamsters853.org\/es\/wp-json\/wp\/v2\/users\/2"}],"replies":[{"embeddable":true,"href":"https:\/\/teamsters853.org\/es\/wp-json\/wp\/v2\/comments?post=7711"}],"version-history":[{"count":0,"href":"https:\/\/teamsters853.org\/es\/wp-json\/wp\/v2\/pages\/7711\/revisions"}],"up":[{"embeddable":true,"href":"https:\/\/teamsters853.org\/es\/wp-json\/wp\/v2\/pages\/7706"}],"wp:attachment":[{"href":"https:\/\/teamsters853.org\/es\/wp-json\/wp\/v2\/media?parent=7711"}],"curies":[{"name":"wp","href":"https:\/\/api.w.org\/{rel}","templated":true}]}}