{"id":7698,"date":"2020-11-08T23:13:46","date_gmt":"2020-11-08T23:13:46","guid":{"rendered":"https:\/\/teamsters853.org\/recursos-para-los-miembros\/sindicatos\/expedicion-de-trabajos-almacen\/"},"modified":"2020-11-08T23:13:46","modified_gmt":"2020-11-08T23:13:46","slug":"expedicion-de-trabajos-almacen","status":"publish","type":"page","link":"https:\/\/teamsters853.org\/es\/recursos-para-los-miembros\/sindicatos\/expedicion-de-trabajos-almacen\/","title":{"rendered":"Expedici\u00f3n de trabajos &#8211; Almac\u00e9n"},"content":{"rendered":"<h3>Procedimientos de despacho de almac\u00e9n<\/h3>\n<ol>\n<li><b>RELLENE EL FORMULARIO DE INFORMACI\u00d3N<\/b> DE ENV\u00cdO<b> Y DEVU\u00c9LVALO A ESTA OFICINA LO ANTES POSIBLE.<\/b> ESTE FORMULARIO DE ENV\u00cdO DEBE SER RECIBIDO EN ESTA OFICINA PARA QUE USTED PUEDA ESTAR EN LA LISTA DE ENV\u00cdO. DEVUELVA ESTE FORMULARIO INMEDIATAMENTE. TAMBI\u00c9N DEBE SER UN MIEMBRO EN REGLA.<\/li>\n<li>LA <b>CONVOCATORIA TENDR\u00c1 LUGAR EL PRIMER LUNES DE LOS SIGUIENTES MESES: DICIEMBRE, ABRIL Y AGOSTO<\/b>. CUANDO LLAME A LA CENTRAL, SU N\u00daMERO DE IDENTIFICACI\u00d3N SER\u00c1 SU N\u00daMERO DE LA SEGURIDAD SOCIAL. POR FAVOR D\u00c9 SU N\u00daMERO DE IDENTIFICACI\u00d3N AL DESPACHADOR. Tel\u00e9fono de Despacho de Almac\u00e9n &#8211; 510-746-3332.<\/li>\n<li><b>A CONTINUACI\u00d3N SE ESTABLECER\u00c1 UNA NUEVA LISTA DE ENV\u00cdO.<\/b>  SE LE LISTAR\u00c1 INICIALMENTE POR EL ORDEN EN QUE RECIBAMOS SU LLAMADA. DESPU\u00c9S DE LA LLAMADA INICIAL, PUEDE LLAMAR EN CUALQUIER MOMENTO PARA VOLVER A INSCRIBIRSE EN LA LISTA.<\/li>\n<li><b>RAYADO<\/b>:\n<ol>\n<li>ENVIADO A UN TRABAJO;<\/li>\n<li>RECHAZ\u00d3 UN TRABAJO;<\/li>\n<li>NO DISPONIBLE DURANTE EL HORARIO DE DESPACHO (DE 7:00 A 9:00 HORAS, DE LUNES A VIERNES);<\/li>\n<li>SI SE LE CONTRATA A PARTIR DE UNA ENTREVISTA<\/li>\n<\/ol>\n<\/li>\n<li><b>PERSONAS TACHADAS<\/b>: PODR\u00c1N INSCRIBIRSE DE NUEVO EN LA LISTA EN CUALQUIER MOMENTO, UNA VEZ QUE EST\u00c9N DISPONIBLES. ES SU RESPONSABILIDAD NOTIFICARLO AL SINDICATO LOCAL.<\/li>\n<li><b>HAY TRES (3) LISTAS<\/b>:\n<ol>\n<li><b>UNA L<\/b>ISTA: ESTA LISTA ES PARA LOS SOCIOS QUE PAGAN CUOTAS Y ES LA PRIMERA (1\u00aa) QUE SE ENV\u00cdA;<\/li>\n<li><b>LISTA B<\/b>: ESTA LISTA ES PARA LOS MIEMBROS EN SITUACI\u00d3N DE BAJA Y ES LA SEGUNDA (2\u00aa) QUE SE ENV\u00cdA;<\/li>\n<li><b>LISTA C<\/b>: ESTA LISTA ES PARA NO SOCIOS Y ES LA \u00daLTIMA QUE SE ENV\u00cdA.<\/li>\n<\/ol>\n<\/li>\n<\/ol>\n<p>SI TIENE ALGUNA DUDA, P\u00d3NGASE EN CONTACTO CON LA OFICINA. TAMBI\u00c9N PUEDE LLAMAR Y DEJAR UN MENSAJE EN LA EXTENSI\u00d3N 3332.<\/p>\n<p>Bob Galves<br \/>\nRepresentante comercial<\/p>\n<h3>Procedimientos de despacho<\/h3>\n<ol>\n<li><b>FAVOR DE LLENAR LA FORMA DE INFORMACION DE DESPACHO ENTREGELA A ESTA OFICINA LO MAS PRONTO POSIBLE.<\/b>  LA FORMA DE DESPACHO SE DEBE RECIBIR EN ESTA OFICINA PARA PODER INCLUIRLO EN LA LISTA DE DESPACHO. DE MANERA QUE POR FAVOR ENTREGE LA FORMA INMEDIATAMENTE. ADEMAS, RECUERDA QUE SU MEMBRESIA CON EL SINDICATO DEBE DE ESTAR EN LA POSICION BUENA.<\/li>\n<li><b>RE-REGISTRACION- SERA EL PRIMER LUNES DE LOS MESES SIGUIENTES: DICIEMBRE, ABRIL Y AGOSTO.<\/b>  AL LLAMAR PARA DESPACHO, SU I.D. SERA LOS ULTIMOS CUATRO DIGITOS DE SU NUMERO DEL SEGURO SOCIAL. POR FAVOR DEJE SU I.D. AL EXPEDIDOR 510-746-3332.<\/li>\n<li><b>UNA LISTA NUEVA DE DESPACHO ENTONCES SE ESTABLECE.<\/b>  USTED SERA LISTADO INICIALMENTE POR LA ORDEN EN LA QUE RECIBIMOS SU LLAMADA. DESPUES DE LA LLAMADA INICIAL, USTED PUEDE LLAMAR EN CUALQUIER MOMENTO PARA RESTABLECERLO EN LA LISTA.<\/li>\n<li><b>SER REMOVIDO DE LA LISTA:<\/b>\n<ol>\n<li>EXPIDIO A UN TRABAJO;<\/li>\n<li>REHUSE OF A JOB<\/li>\n<li>NO ESTA DISPONIBLE PARA EL DESPACHO DURANTE LAS HORAS DE DESPACHO (7:00 a.m. a 9:00 a.m., Lunes a Viernes);<\/li>\n<li>SI EMPLEADO POR ENTREVISTA<\/li>\n<\/ol>\n<\/li>\n<li><b>A LAS PERSONAS QUE FUERON REMOVIDOS DE LA LISTA DE DESPACHO:<\/b> PUEDEN INSCRIBIRSE OTRA VEZ EN LA LISTA EN QUALQUIER MOMENTO QUE ELLOS ESTAN DISPONIBLES. ES SU RESPONSABILIDAD NOTIFICAR AL SINDICATO LOCAL.<\/li>\n<li><b>HAY TRES (3) LISTAS:<\/b>\n<ol>\n<li>LISTA A: ESTA LISTA ES PARA MIEMBROS QUE EST\u00c1N PAGANDO SUS DUES Y SON LOS PRIMEROS (1ST) de SER EXPEDIDO;<\/li>\n<li>LISTA B: ESTA LISTA ES PARA MIEMBROS EN RETIRADA Y ES EL SEGUNDO (2ND) DE SER EXPEDIDO;<\/li>\n<li>LISTA C: ESTA LISTA ES PARA PERSONAS QUE NO SON MIEMBROS Y ES EL ULTIMO SER EXPEDIDO.<\/li>\n<\/ol>\n<\/li>\n<\/ol>\n<p>SI USTED TIENE PREGUNTAS SOBRE EL PROCEDIMIENTO DEL DESPACHO, FAVOR DE LLAMARLE A Bob Galves EXT #3332.<\/p>\n<p>BOB GALVES<br \/>\nREPRESENTANTE COMERCIAL<\/p>\n","protected":false},"excerpt":{"rendered":"<p>Procedimientos de despacho de almac\u00e9n RELLENE EL FORMULARIO DE INFORMACI\u00d3N DE ENV\u00cdO Y DEVU\u00c9LVALO A ESTA OFICINA LO ANTES POSIBLE. ESTE FORMULARIO DE ENV\u00cdO DEBE SER RECIBIDO EN ESTA OFICINA PARA QUE USTED PUEDA ESTAR EN LA LISTA DE ENV\u00cdO. DEVUELVA ESTE FORMULARIO INMEDIATAMENTE. TAMBI\u00c9N DEBE SER UN MIEMBRO EN REGLA. LA CONVOCATORIA TENDR\u00c1 LUGAR [&hellip;]<\/p>\n","protected":false},"author":2,"featured_media":0,"parent":7695,"menu_order":0,"comment_status":"closed","ping_status":"closed","template":"","meta":{"site-sidebar-layout":"default","site-content-layout":"","ast-site-content-layout":"default","site-content-style":"default","site-sidebar-style":"default","ast-global-header-display":"","ast-banner-title-visibility":"","ast-main-header-display":"","ast-hfb-above-header-display":"","ast-hfb-below-header-display":"","ast-hfb-mobile-header-display":"","site-post-title":"","ast-breadcrumbs-content":"","ast-featured-img":"","footer-sml-layout":"","ast-disable-related-posts":"","theme-transparent-header-meta":"","adv-header-id-meta":"","stick-header-meta":"","header-above-stick-meta":"","header-main-stick-meta":"","header-below-stick-meta":"","astra-migrate-meta-layouts":"default","ast-page-background-enabled":"default","ast-page-background-meta":{"desktop":{"background-color":"","background-image":"","background-repeat":"repeat","background-position":"center center","background-size":"auto","background-attachment":"scroll","background-type":"","background-media":"","overlay-type":"","overlay-color":"","overlay-opacity":"","overlay-gradient":""},"tablet":{"background-color":"","background-image":"","background-repeat":"repeat","background-position":"center center","background-size":"auto","background-attachment":"scroll","background-type":"","background-media":"","overlay-type":"","overlay-color":"","overlay-opacity":"","overlay-gradient":""},"mobile":{"background-color":"","background-image":"","background-repeat":"repeat","background-position":"center center","background-size":"auto","background-attachment":"scroll","background-type":"","background-media":"","overlay-type":"","overlay-color":"","overlay-opacity":"","overlay-gradient":""}},"ast-content-background-meta":{"desktop":{"background-color":"var(--ast-global-color-5)","background-image":"","background-repeat":"repeat","background-position":"center center","background-size":"auto","background-attachment":"scroll","background-type":"","background-media":"","overlay-type":"","overlay-color":"","overlay-opacity":"","overlay-gradient":""},"tablet":{"background-color":"var(--ast-global-color-5)","background-image":"","background-repeat":"repeat","background-position":"center center","background-size":"auto","background-attachment":"scroll","background-type":"","background-media":"","overlay-type":"","overlay-color":"","overlay-opacity":"","overlay-gradient":""},"mobile":{"background-color":"var(--ast-global-color-5)","background-image":"","background-repeat":"repeat","background-position":"center center","background-size":"auto","background-attachment":"scroll","background-type":"","background-media":"","overlay-type":"","overlay-color":"","overlay-opacity":"","overlay-gradient":""}},"footnotes":""},"class_list":["post-7698","page","type-page","status-publish","hentry"],"yoast_head":"<!-- This site is optimized with the Yoast SEO plugin v27.5 - https:\/\/yoast.com\/product\/yoast-seo-wordpress\/ -->\n<title>Expedici\u00f3n de trabajos - Almac\u00e9n - Teamsters Local 853<\/title>\n<meta name=\"robots\" content=\"index, follow, max-snippet:-1, max-image-preview:large, max-video-preview:-1\" \/>\n<link rel=\"canonical\" href=\"https:\/\/teamsters853.org\/recursos-para-los-miembros\/sindicatos\/expedicion-de-trabajos-almacen\/\" \/>\n<meta property=\"og:locale\" content=\"es_ES\" \/>\n<meta property=\"og:type\" content=\"article\" \/>\n<meta property=\"og:title\" content=\"Expedici\u00f3n de trabajos - Almac\u00e9n - Teamsters Local 853\" \/>\n<meta property=\"og:description\" content=\"Procedimientos de despacho de almac\u00e9n RELLENE EL FORMULARIO DE INFORMACI\u00d3N DE ENV\u00cdO Y DEVU\u00c9LVALO A ESTA OFICINA LO ANTES POSIBLE. ESTE FORMULARIO DE ENV\u00cdO DEBE SER RECIBIDO EN ESTA OFICINA PARA QUE USTED PUEDA ESTAR EN LA LISTA DE ENV\u00cdO. DEVUELVA ESTE FORMULARIO INMEDIATAMENTE. TAMBI\u00c9N DEBE SER UN MIEMBRO EN REGLA. LA CONVOCATORIA TENDR\u00c1 LUGAR [&hellip;]\" \/>\n<meta property=\"og:url\" content=\"https:\/\/teamsters853.org\/recursos-para-los-miembros\/sindicatos\/expedicion-de-trabajos-almacen\/\" \/>\n<meta property=\"og:site_name\" content=\"Teamsters Local 853\" \/>\n<meta property=\"article:publisher\" content=\"https:\/\/www.facebook.com\/team853\/\" \/>\n<meta name=\"twitter:card\" content=\"summary_large_image\" \/>\n<meta name=\"twitter:label1\" content=\"Tiempo de lectura\" \/>\n\t<meta name=\"twitter:data1\" content=\"3 minutos\" \/>\n<script type=\"application\/ld+json\" class=\"yoast-schema-graph\">{\"@context\":\"https:\\\/\\\/schema.org\",\"@graph\":[{\"@type\":\"WebPage\",\"@id\":\"https:\\\/\\\/teamsters853.org\\\/recursos-para-los-miembros\\\/sindicatos\\\/expedicion-de-trabajos-almacen\\\/\",\"url\":\"https:\\\/\\\/teamsters853.org\\\/recursos-para-los-miembros\\\/sindicatos\\\/expedicion-de-trabajos-almacen\\\/\",\"name\":\"Expedici\u00f3n de trabajos - Almac\u00e9n - Teamsters Local 853\",\"isPartOf\":{\"@id\":\"https:\\\/\\\/teamsters853.org\\\/#website\"},\"datePublished\":\"2020-11-08T23:13:46+00:00\",\"breadcrumb\":{\"@id\":\"https:\\\/\\\/teamsters853.org\\\/recursos-para-los-miembros\\\/sindicatos\\\/expedicion-de-trabajos-almacen\\\/#breadcrumb\"},\"inLanguage\":\"es\",\"potentialAction\":[{\"@type\":\"ReadAction\",\"target\":[\"https:\\\/\\\/teamsters853.org\\\/recursos-para-los-miembros\\\/sindicatos\\\/expedicion-de-trabajos-almacen\\\/\"]}]},{\"@type\":\"BreadcrumbList\",\"@id\":\"https:\\\/\\\/teamsters853.org\\\/recursos-para-los-miembros\\\/sindicatos\\\/expedicion-de-trabajos-almacen\\\/#breadcrumb\",\"itemListElement\":[{\"@type\":\"ListItem\",\"position\":1,\"name\":\"Home\",\"item\":\"https:\\\/\\\/teamsters853.org\\\/es\\\/\"},{\"@type\":\"ListItem\",\"position\":2,\"name\":\"Recursos para los miembros\",\"item\":\"https:\\\/\\\/teamsters853.org\\\/recursos-para-los-miembros\\\/\"},{\"@type\":\"ListItem\",\"position\":3,\"name\":\"Sindicatos\",\"item\":\"https:\\\/\\\/teamsters853.org\\\/recursos-para-los-miembros\\\/sindicatos\\\/\"},{\"@type\":\"ListItem\",\"position\":4,\"name\":\"Expedici\u00f3n de trabajos &#8211; Almac\u00e9n\"}]},{\"@type\":\"WebSite\",\"@id\":\"https:\\\/\\\/teamsters853.org\\\/#website\",\"url\":\"https:\\\/\\\/teamsters853.org\\\/\",\"name\":\"Teamsters Local Union 853\",\"description\":\"WHERE AND WHEN:\",\"publisher\":{\"@id\":\"https:\\\/\\\/teamsters853.org\\\/#organization\"},\"potentialAction\":[{\"@type\":\"SearchAction\",\"target\":{\"@type\":\"EntryPoint\",\"urlTemplate\":\"https:\\\/\\\/teamsters853.org\\\/?s={search_term_string}\"},\"query-input\":{\"@type\":\"PropertyValueSpecification\",\"valueRequired\":true,\"valueName\":\"search_term_string\"}}],\"inLanguage\":\"es\"},{\"@type\":\"Organization\",\"@id\":\"https:\\\/\\\/teamsters853.org\\\/#organization\",\"name\":\"Teamsters Local Union 853\",\"url\":\"https:\\\/\\\/teamsters853.org\\\/\",\"logo\":{\"@type\":\"ImageObject\",\"inLanguage\":\"es\",\"@id\":\"https:\\\/\\\/teamsters853.org\\\/#\\\/schema\\\/logo\\\/image\\\/\",\"url\":\"https:\\\/\\\/teamsters853.org\\\/wp-content\\\/uploads\\\/2023\\\/01\\\/cropped-Teamsters-Local-853-Logo.png\",\"contentUrl\":\"https:\\\/\\\/teamsters853.org\\\/wp-content\\\/uploads\\\/2023\\\/01\\\/cropped-Teamsters-Local-853-Logo.png\",\"width\":600,\"height\":747,\"caption\":\"Teamsters Local Union 853\"},\"image\":{\"@id\":\"https:\\\/\\\/teamsters853.org\\\/#\\\/schema\\\/logo\\\/image\\\/\"},\"sameAs\":[\"https:\\\/\\\/www.facebook.com\\\/team853\\\/\"]}]}<\/script>\n<!-- \/ Yoast SEO plugin. -->","yoast_head_json":{"title":"Expedici\u00f3n de trabajos - Almac\u00e9n - Teamsters Local 853","robots":{"index":"index","follow":"follow","max-snippet":"max-snippet:-1","max-image-preview":"max-image-preview:large","max-video-preview":"max-video-preview:-1"},"canonical":"https:\/\/teamsters853.org\/recursos-para-los-miembros\/sindicatos\/expedicion-de-trabajos-almacen\/","og_locale":"es_ES","og_type":"article","og_title":"Expedici\u00f3n de trabajos - Almac\u00e9n - Teamsters Local 853","og_description":"Procedimientos de despacho de almac\u00e9n RELLENE EL FORMULARIO DE INFORMACI\u00d3N DE ENV\u00cdO Y DEVU\u00c9LVALO A ESTA OFICINA LO ANTES POSIBLE. ESTE FORMULARIO DE ENV\u00cdO DEBE SER RECIBIDO EN ESTA OFICINA PARA QUE USTED PUEDA ESTAR EN LA LISTA DE ENV\u00cdO. DEVUELVA ESTE FORMULARIO INMEDIATAMENTE. TAMBI\u00c9N DEBE SER UN MIEMBRO EN REGLA. LA CONVOCATORIA TENDR\u00c1 LUGAR [&hellip;]","og_url":"https:\/\/teamsters853.org\/recursos-para-los-miembros\/sindicatos\/expedicion-de-trabajos-almacen\/","og_site_name":"Teamsters Local 853","article_publisher":"https:\/\/www.facebook.com\/team853\/","twitter_card":"summary_large_image","twitter_misc":{"Tiempo de lectura":"3 minutos"},"schema":{"@context":"https:\/\/schema.org","@graph":[{"@type":"WebPage","@id":"https:\/\/teamsters853.org\/recursos-para-los-miembros\/sindicatos\/expedicion-de-trabajos-almacen\/","url":"https:\/\/teamsters853.org\/recursos-para-los-miembros\/sindicatos\/expedicion-de-trabajos-almacen\/","name":"Expedici\u00f3n de trabajos - Almac\u00e9n - Teamsters Local 853","isPartOf":{"@id":"https:\/\/teamsters853.org\/#website"},"datePublished":"2020-11-08T23:13:46+00:00","breadcrumb":{"@id":"https:\/\/teamsters853.org\/recursos-para-los-miembros\/sindicatos\/expedicion-de-trabajos-almacen\/#breadcrumb"},"inLanguage":"es","potentialAction":[{"@type":"ReadAction","target":["https:\/\/teamsters853.org\/recursos-para-los-miembros\/sindicatos\/expedicion-de-trabajos-almacen\/"]}]},{"@type":"BreadcrumbList","@id":"https:\/\/teamsters853.org\/recursos-para-los-miembros\/sindicatos\/expedicion-de-trabajos-almacen\/#breadcrumb","itemListElement":[{"@type":"ListItem","position":1,"name":"Home","item":"https:\/\/teamsters853.org\/es\/"},{"@type":"ListItem","position":2,"name":"Recursos para los miembros","item":"https:\/\/teamsters853.org\/recursos-para-los-miembros\/"},{"@type":"ListItem","position":3,"name":"Sindicatos","item":"https:\/\/teamsters853.org\/recursos-para-los-miembros\/sindicatos\/"},{"@type":"ListItem","position":4,"name":"Expedici\u00f3n de trabajos &#8211; Almac\u00e9n"}]},{"@type":"WebSite","@id":"https:\/\/teamsters853.org\/#website","url":"https:\/\/teamsters853.org\/","name":"Teamsters Local Union 853","description":"WHERE AND WHEN:","publisher":{"@id":"https:\/\/teamsters853.org\/#organization"},"potentialAction":[{"@type":"SearchAction","target":{"@type":"EntryPoint","urlTemplate":"https:\/\/teamsters853.org\/?s={search_term_string}"},"query-input":{"@type":"PropertyValueSpecification","valueRequired":true,"valueName":"search_term_string"}}],"inLanguage":"es"},{"@type":"Organization","@id":"https:\/\/teamsters853.org\/#organization","name":"Teamsters Local Union 853","url":"https:\/\/teamsters853.org\/","logo":{"@type":"ImageObject","inLanguage":"es","@id":"https:\/\/teamsters853.org\/#\/schema\/logo\/image\/","url":"https:\/\/teamsters853.org\/wp-content\/uploads\/2023\/01\/cropped-Teamsters-Local-853-Logo.png","contentUrl":"https:\/\/teamsters853.org\/wp-content\/uploads\/2023\/01\/cropped-Teamsters-Local-853-Logo.png","width":600,"height":747,"caption":"Teamsters Local Union 853"},"image":{"@id":"https:\/\/teamsters853.org\/#\/schema\/logo\/image\/"},"sameAs":["https:\/\/www.facebook.com\/team853\/"]}]}},"_links":{"self":[{"href":"https:\/\/teamsters853.org\/es\/wp-json\/wp\/v2\/pages\/7698","targetHints":{"allow":["GET"]}}],"collection":[{"href":"https:\/\/teamsters853.org\/es\/wp-json\/wp\/v2\/pages"}],"about":[{"href":"https:\/\/teamsters853.org\/es\/wp-json\/wp\/v2\/types\/page"}],"author":[{"embeddable":true,"href":"https:\/\/teamsters853.org\/es\/wp-json\/wp\/v2\/users\/2"}],"replies":[{"embeddable":true,"href":"https:\/\/teamsters853.org\/es\/wp-json\/wp\/v2\/comments?post=7698"}],"version-history":[{"count":0,"href":"https:\/\/teamsters853.org\/es\/wp-json\/wp\/v2\/pages\/7698\/revisions"}],"up":[{"embeddable":true,"href":"https:\/\/teamsters853.org\/es\/wp-json\/wp\/v2\/pages\/7695"}],"wp:attachment":[{"href":"https:\/\/teamsters853.org\/es\/wp-json\/wp\/v2\/media?parent=7698"}],"curies":[{"name":"wp","href":"https:\/\/api.w.org\/{rel}","templated":true}]}}