{"id":7690,"date":"2020-03-23T21:10:29","date_gmt":"2020-03-23T21:10:29","guid":{"rendered":"https:\/\/teamsters853.org\/unete-a-nosotros\/"},"modified":"2020-03-23T21:10:29","modified_gmt":"2020-03-23T21:10:29","slug":"unete-a-nosotros","status":"publish","type":"page","link":"https:\/\/teamsters853.org\/es\/unete-a-nosotros\/","title":{"rendered":"\u00danete a nosotros"},"content":{"rendered":"<p><img decoding=\"async\" width=\"\\\"1024\\\"\" height=\"\\\"135\\\"\" src=\"%5C%22https:\/\/teamsters853.org\/WordPress\/wp-content\/uploads\/2020\/11\/Row-1-1024x135.jpg%5C%22\" alt=\"\\Collage\" of=\"\" local=\"\" members=\"\" loading=\"\\\"lazy\\\"\" srcset=\"\\\"https:\/\/teamsters853.org\/WordPress\/wp-content\/uploads\/2020\/11\/Row-1-1024x135.jpg\" sizes=\"\\\"(max-width:\" https:=\"\">\t\t\t\t\t\t\t\t\t\t\t\t\t\t<\/p>\n<h2>\u00danase a nosotros<\/h2>\n<h2><a href=\"%5C%22https:\/\/teamsters853.org\/wp-content\/uploads\/2020\/11\/Teamster-Difference.pdf%5C%22\" target=\"\\\"_blank\\\"\" rel=\"\\\"noopener\\\"\">La diferencia Teamster<\/a><\/h2>\n<p style=\"\\\"text-align:\" center=\"\">\u00bfQu\u00e9 puede significar para usted estar afiliado a un sindicato?<\/p>\n<p style=\"\\\"text-align:\" center=\"\"><a href=\"%5C%22https:\/\/teamsters853.org\/WordPress\/wp-content\/uploads\/2020\/11\/Teamster-Difference.pdf%5C%22\" target=\"\\\"_blank\\\"\" rel=\"\\\"noopener\\\"\">Vea la diferencia de salarios, prestaciones y condiciones de trabajo.<\/a><\/p>\n<h2><a href=\"%5C%22https:\/\/teamsters853.org\/organizing\/join-the-teamsters\/%5C%22\">C\u00f3mo ser camionero<\/a><\/h2>\n<p style=\"\\\"text-align:\" center=\"\">P\u00f3ngase en contacto con un miembro de nuestro equipo organizador:<\/p>\n<ul>\n<li style=\"\\\"text-align:\" left=\"\"><a href=\"%5C%22mailto:pbarrera@teamsters853.org%5C%22\">Pablo Barrera<\/a> (408-642-9448)<\/li>\n<\/ul>\n<p style=\"\\\"text-align:\" center=\"\">O <a href=\"%5C%22https:\/\/teamsters853.org\/organizing\/join-the-teamsters\/%5C%22\">haga clic aqu\u00ed para ver m\u00e1s opciones<\/a>.<\/p>\n<h2>Sea m\u00e1s activo<\/h2>\n<h2><a href=\"%5C%22https:\/\/teamsters853.org\/organizing\/steward-center\/%5C%22\">Hazte delegado sindical<\/a><\/h2>\n<p style=\"\\\"text-align:\" center=\"\"><a style=\"\\\"color:\" href=\"%5C%22https:\/\/teamsters853.org\/organizing\/steward-center\/%5C%22\">\u00bfDeberes de un delegado sindical?<\/a> <a style=\"\\\"color:\" href=\"%5C%22https:\/\/teamsters853.org\/organizing\/steward-center\/%5C%22\">Convi\u00e9rtete en Delegado Sindical Haga clic aqu\u00ed.<\/a><\/p>\n<h2>Acci\u00f3n pol\u00edtica: DRIVE<\/h2>\n<p>Dem\u00f3cratas Republicanos Independientes Educaci\u00f3n del votante<\/p>\n<p><a href=\"%5C%22https:\/\/teamsters853.org\/political-action\/%5C%22\">Haga clic aqu\u00ed para saber m\u00e1s sobre DRIVE:<\/a> <\/p>\n","protected":false},"excerpt":{"rendered":"<p>\u00danase a nosotros La diferencia Teamster Vea la diferencia de salarios, prestaciones y condiciones de trabajo. C\u00f3mo ser camionero Pablo Barrera (408-642-9448) Convi\u00e9rtete en Delegado Sindical Haga clic aqu\u00ed. Acci\u00f3n pol\u00edtica: DRIVE Dem\u00f3cratas Republicanos Independientes Educaci\u00f3n del votante Haga clic aqu\u00ed para saber m\u00e1s sobre DRIVE:<\/p>\n","protected":false},"author":2,"featured_media":0,"parent":0,"menu_order":0,"comment_status":"closed","ping_status":"closed","template":"","meta":{"site-sidebar-layout":"default","site-content-layout":"","ast-site-content-layout":"default","site-content-style":"default","site-sidebar-style":"default","ast-global-header-display":"","ast-banner-title-visibility":"","ast-main-header-display":"","ast-hfb-above-header-display":"","ast-hfb-below-header-display":"","ast-hfb-mobile-header-display":"","site-post-title":"","ast-breadcrumbs-content":"","ast-featured-img":"","footer-sml-layout":"","ast-disable-related-posts":"","theme-transparent-header-meta":"","adv-header-id-meta":"","stick-header-meta":"","header-above-stick-meta":"","header-main-stick-meta":"","header-below-stick-meta":"","astra-migrate-meta-layouts":"default","ast-page-background-enabled":"default","ast-page-background-meta":{"desktop":{"background-color":"","background-image":"","background-repeat":"repeat","background-position":"center center","background-size":"auto","background-attachment":"scroll","background-type":"","background-media":"","overlay-type":"","overlay-color":"","overlay-opacity":"","overlay-gradient":""},"tablet":{"background-color":"","background-image":"","background-repeat":"repeat","background-position":"center center","background-size":"auto","background-attachment":"scroll","background-type":"","background-media":"","overlay-type":"","overlay-color":"","overlay-opacity":"","overlay-gradient":""},"mobile":{"background-color":"","background-image":"","background-repeat":"repeat","background-position":"center center","background-size":"auto","background-attachment":"scroll","background-type":"","background-media":"","overlay-type":"","overlay-color":"","overlay-opacity":"","overlay-gradient":""}},"ast-content-background-meta":{"desktop":{"background-color":"var(--ast-global-color-5)","background-image":"","background-repeat":"repeat","background-position":"center center","background-size":"auto","background-attachment":"scroll","background-type":"","background-media":"","overlay-type":"","overlay-color":"","overlay-opacity":"","overlay-gradient":""},"tablet":{"background-color":"var(--ast-global-color-5)","background-image":"","background-repeat":"repeat","background-position":"center center","background-size":"auto","background-attachment":"scroll","background-type":"","background-media":"","overlay-type":"","overlay-color":"","overlay-opacity":"","overlay-gradient":""},"mobile":{"background-color":"var(--ast-global-color-5)","background-image":"","background-repeat":"repeat","background-position":"center center","background-size":"auto","background-attachment":"scroll","background-type":"","background-media":"","overlay-type":"","overlay-color":"","overlay-opacity":"","overlay-gradient":""}},"footnotes":""},"class_list":["post-7690","page","type-page","status-publish","hentry"],"yoast_head":"<!-- This site is optimized with the Yoast SEO plugin v27.4 - https:\/\/yoast.com\/product\/yoast-seo-wordpress\/ -->\n<title>\u00danete a nosotros - Teamsters Local 853<\/title>\n<meta name=\"robots\" content=\"index, follow, max-snippet:-1, max-image-preview:large, max-video-preview:-1\" \/>\n<link rel=\"canonical\" href=\"https:\/\/teamsters853.org\/unete-a-nosotros\/\" \/>\n<meta property=\"og:locale\" content=\"es_ES\" \/>\n<meta property=\"og:type\" content=\"article\" \/>\n<meta property=\"og:title\" content=\"\u00danete a nosotros - Teamsters Local 853\" \/>\n<meta property=\"og:description\" content=\"\u00danase a nosotros La diferencia Teamster Vea la diferencia de salarios, prestaciones y condiciones de trabajo. C\u00f3mo ser camionero Pablo Barrera (408-642-9448) Convi\u00e9rtete en Delegado Sindical Haga clic aqu\u00ed. Acci\u00f3n pol\u00edtica: DRIVE Dem\u00f3cratas Republicanos Independientes Educaci\u00f3n del votante Haga clic aqu\u00ed para saber m\u00e1s sobre DRIVE:\" \/>\n<meta property=\"og:url\" content=\"https:\/\/teamsters853.org\/unete-a-nosotros\/\" \/>\n<meta property=\"og:site_name\" content=\"Teamsters Local 853\" \/>\n<meta property=\"article:publisher\" content=\"https:\/\/www.facebook.com\/team853\/\" \/>\n<meta name=\"twitter:card\" content=\"summary_large_image\" \/>\n<script type=\"application\/ld+json\" class=\"yoast-schema-graph\">{\"@context\":\"https:\\\/\\\/schema.org\",\"@graph\":[{\"@type\":\"WebPage\",\"@id\":\"https:\\\/\\\/teamsters853.org\\\/unete-a-nosotros\\\/\",\"url\":\"https:\\\/\\\/teamsters853.org\\\/unete-a-nosotros\\\/\",\"name\":\"\u00danete a nosotros - Teamsters Local 853\",\"isPartOf\":{\"@id\":\"https:\\\/\\\/teamsters853.org\\\/#website\"},\"datePublished\":\"2020-03-23T21:10:29+00:00\",\"breadcrumb\":{\"@id\":\"https:\\\/\\\/teamsters853.org\\\/unete-a-nosotros\\\/#breadcrumb\"},\"inLanguage\":\"es\",\"potentialAction\":[{\"@type\":\"ReadAction\",\"target\":[\"https:\\\/\\\/teamsters853.org\\\/unete-a-nosotros\\\/\"]}]},{\"@type\":\"BreadcrumbList\",\"@id\":\"https:\\\/\\\/teamsters853.org\\\/unete-a-nosotros\\\/#breadcrumb\",\"itemListElement\":[{\"@type\":\"ListItem\",\"position\":1,\"name\":\"Home\",\"item\":\"https:\\\/\\\/teamsters853.org\\\/es\\\/\"},{\"@type\":\"ListItem\",\"position\":2,\"name\":\"\u00danete a nosotros\"}]},{\"@type\":\"WebSite\",\"@id\":\"https:\\\/\\\/teamsters853.org\\\/#website\",\"url\":\"https:\\\/\\\/teamsters853.org\\\/\",\"name\":\"Teamsters Local Union 853\",\"description\":\"WHERE AND WHEN:\",\"publisher\":{\"@id\":\"https:\\\/\\\/teamsters853.org\\\/#organization\"},\"potentialAction\":[{\"@type\":\"SearchAction\",\"target\":{\"@type\":\"EntryPoint\",\"urlTemplate\":\"https:\\\/\\\/teamsters853.org\\\/?s={search_term_string}\"},\"query-input\":{\"@type\":\"PropertyValueSpecification\",\"valueRequired\":true,\"valueName\":\"search_term_string\"}}],\"inLanguage\":\"es\"},{\"@type\":\"Organization\",\"@id\":\"https:\\\/\\\/teamsters853.org\\\/#organization\",\"name\":\"Teamsters Local Union 853\",\"url\":\"https:\\\/\\\/teamsters853.org\\\/\",\"logo\":{\"@type\":\"ImageObject\",\"inLanguage\":\"es\",\"@id\":\"https:\\\/\\\/teamsters853.org\\\/#\\\/schema\\\/logo\\\/image\\\/\",\"url\":\"https:\\\/\\\/teamsters853.org\\\/wp-content\\\/uploads\\\/2023\\\/01\\\/cropped-Teamsters-Local-853-Logo.png\",\"contentUrl\":\"https:\\\/\\\/teamsters853.org\\\/wp-content\\\/uploads\\\/2023\\\/01\\\/cropped-Teamsters-Local-853-Logo.png\",\"width\":600,\"height\":747,\"caption\":\"Teamsters Local Union 853\"},\"image\":{\"@id\":\"https:\\\/\\\/teamsters853.org\\\/#\\\/schema\\\/logo\\\/image\\\/\"},\"sameAs\":[\"https:\\\/\\\/www.facebook.com\\\/team853\\\/\"]}]}<\/script>\n<!-- \/ Yoast SEO plugin. -->","yoast_head_json":{"title":"\u00danete a nosotros - Teamsters Local 853","robots":{"index":"index","follow":"follow","max-snippet":"max-snippet:-1","max-image-preview":"max-image-preview:large","max-video-preview":"max-video-preview:-1"},"canonical":"https:\/\/teamsters853.org\/unete-a-nosotros\/","og_locale":"es_ES","og_type":"article","og_title":"\u00danete a nosotros - Teamsters Local 853","og_description":"\u00danase a nosotros La diferencia Teamster Vea la diferencia de salarios, prestaciones y condiciones de trabajo. C\u00f3mo ser camionero Pablo Barrera (408-642-9448) Convi\u00e9rtete en Delegado Sindical Haga clic aqu\u00ed. Acci\u00f3n pol\u00edtica: DRIVE Dem\u00f3cratas Republicanos Independientes Educaci\u00f3n del votante Haga clic aqu\u00ed para saber m\u00e1s sobre DRIVE:","og_url":"https:\/\/teamsters853.org\/unete-a-nosotros\/","og_site_name":"Teamsters Local 853","article_publisher":"https:\/\/www.facebook.com\/team853\/","twitter_card":"summary_large_image","schema":{"@context":"https:\/\/schema.org","@graph":[{"@type":"WebPage","@id":"https:\/\/teamsters853.org\/unete-a-nosotros\/","url":"https:\/\/teamsters853.org\/unete-a-nosotros\/","name":"\u00danete a nosotros - Teamsters Local 853","isPartOf":{"@id":"https:\/\/teamsters853.org\/#website"},"datePublished":"2020-03-23T21:10:29+00:00","breadcrumb":{"@id":"https:\/\/teamsters853.org\/unete-a-nosotros\/#breadcrumb"},"inLanguage":"es","potentialAction":[{"@type":"ReadAction","target":["https:\/\/teamsters853.org\/unete-a-nosotros\/"]}]},{"@type":"BreadcrumbList","@id":"https:\/\/teamsters853.org\/unete-a-nosotros\/#breadcrumb","itemListElement":[{"@type":"ListItem","position":1,"name":"Home","item":"https:\/\/teamsters853.org\/es\/"},{"@type":"ListItem","position":2,"name":"\u00danete a nosotros"}]},{"@type":"WebSite","@id":"https:\/\/teamsters853.org\/#website","url":"https:\/\/teamsters853.org\/","name":"Teamsters Local Union 853","description":"WHERE AND WHEN:","publisher":{"@id":"https:\/\/teamsters853.org\/#organization"},"potentialAction":[{"@type":"SearchAction","target":{"@type":"EntryPoint","urlTemplate":"https:\/\/teamsters853.org\/?s={search_term_string}"},"query-input":{"@type":"PropertyValueSpecification","valueRequired":true,"valueName":"search_term_string"}}],"inLanguage":"es"},{"@type":"Organization","@id":"https:\/\/teamsters853.org\/#organization","name":"Teamsters Local Union 853","url":"https:\/\/teamsters853.org\/","logo":{"@type":"ImageObject","inLanguage":"es","@id":"https:\/\/teamsters853.org\/#\/schema\/logo\/image\/","url":"https:\/\/teamsters853.org\/wp-content\/uploads\/2023\/01\/cropped-Teamsters-Local-853-Logo.png","contentUrl":"https:\/\/teamsters853.org\/wp-content\/uploads\/2023\/01\/cropped-Teamsters-Local-853-Logo.png","width":600,"height":747,"caption":"Teamsters Local Union 853"},"image":{"@id":"https:\/\/teamsters853.org\/#\/schema\/logo\/image\/"},"sameAs":["https:\/\/www.facebook.com\/team853\/"]}]}},"_links":{"self":[{"href":"https:\/\/teamsters853.org\/es\/wp-json\/wp\/v2\/pages\/7690","targetHints":{"allow":["GET"]}}],"collection":[{"href":"https:\/\/teamsters853.org\/es\/wp-json\/wp\/v2\/pages"}],"about":[{"href":"https:\/\/teamsters853.org\/es\/wp-json\/wp\/v2\/types\/page"}],"author":[{"embeddable":true,"href":"https:\/\/teamsters853.org\/es\/wp-json\/wp\/v2\/users\/2"}],"replies":[{"embeddable":true,"href":"https:\/\/teamsters853.org\/es\/wp-json\/wp\/v2\/comments?post=7690"}],"version-history":[{"count":0,"href":"https:\/\/teamsters853.org\/es\/wp-json\/wp\/v2\/pages\/7690\/revisions"}],"wp:attachment":[{"href":"https:\/\/teamsters853.org\/es\/wp-json\/wp\/v2\/media?parent=7690"}],"curies":[{"name":"wp","href":"https:\/\/api.w.org\/{rel}","templated":true}]}}