{"id":7684,"date":"2020-05-07T22:43:51","date_gmt":"2020-05-07T22:43:51","guid":{"rendered":"https:\/\/teamsters853.org\/centro-de-recursos-covid-19\/programas-de-ayuda-gubernamental-para-covid-19\/"},"modified":"2023-11-22T05:29:20","modified_gmt":"2023-11-22T05:29:20","slug":"programas-de-ayuda-gubernamental-para-covid-19","status":"publish","type":"page","link":"https:\/\/teamsters853.org\/es\/centro-de-recursos-covid-19\/programas-de-ayuda-gubernamental-para-covid-19\/","title":{"rendered":"Programas de ayuda gubernamental para COVID-19"},"content":{"rendered":"<table width=\"\\\">\n<tbody>\n<tr>\n<th scope=\"\\\" bgcolor=\"\\&quot;#14650E\\&quot;\" width=\"\\\">\n<h2><span style=\"color: #ffffff;\">Programa<\/span><\/h2>\n<\/th>\n<th scope=\"\\\" bgcolor=\"\\&quot;#14650E\\&quot;\" width=\"\\\">\n<h2><span style=\"color: #ffffff;\">Por qu\u00e9 no puedes trabajar<\/span><\/h2>\n<\/th>\n<th scope=\"\\\" bgcolor=\"\\&quot;#14650E\\&quot;\" width=\"\\\">\n<h2><span style=\"color: #ffffff;\">Qu\u00e9 ofrece el programa<\/span><\/h2>\n<\/th>\n<th scope=\"\\\" bgcolor=\"\\&quot;#14650E\\&quot;\" width=\"\\\">\n<h2><span style=\"color: #ffffff;\">\u00bfCu\u00e1nto?<\/span><\/h2>\n<\/th>\n<\/tr>\n<tr>\n<td><a href=\"%5C%22https:\/\/www.teamsters853.org\/news\/2020\/www.edd.ca.gov\/disability\/am_i_eligible_for_DIbenefits.htm%5C%22\">Seguro de invalidez ESTATAL<\/a><\/td>\n<td>Cuarentena m\u00e9dica o enfermedad certificada relacionada con COVID-19<\/td>\n<td>Pagos a corto plazo por p\u00e9rdida de salario debida a enfermedad, lesi\u00f3n o embarazo no relacionados con el trabajo.<\/td>\n<td>Aprox. 60-70% del salario (en funci\u00f3n de los ingresos) para<br \/>\nhasta 52 semanas<\/td>\n<\/tr>\n<tr>\n<td><a href=\"%5C%22https:\/\/www.teamsters853.org\/news\/2020\/www.edd.ca.gov\/disability\/am_I_eligible_for_PFL_benefits.htm%5C%22\">Permiso familiar retribuido ESTATAL<\/a><\/td>\n<td>Cuidar de un familiar enfermo o en cuarentena certificado con COVID-19<\/td>\n<td>Hasta 6 semanas de subsidio para cuidar a un familiar gravemente enfermo<\/td>\n<td>Aprox. 60% del salario (en funci\u00f3n de los ingresos)<br \/>\nhasta 6 semanas<\/td>\n<\/tr>\n<tr>\n<td><a href=\"%5C%22https:\/\/www.teamsters853.org\/news\/2020\/www.edd.ca.gov\/unemployment\/eligibility.htm%5C%22\">Seguro de desempleo ESTATAL<\/a><\/td>\n<td>P\u00e9rdida de empleo o reducci\u00f3n de jornada<br \/>\nrelacionados con COVID-19<\/td>\n<td>Sustituci\u00f3n parcial del salario de los trabajadores que pierden su empleo por causas ajenas a su voluntad.<\/td>\n<td>Rangos de 40-450 $\/semana<br \/>\nhasta 26 semanas<\/td>\n<\/tr>\n<tr>\n<td><a href=\"%5C%22https:\/\/www.teamsters853.org\/news\/2020\/www.dir.ca.gov\/dlse\/paid_sick_leave.htm%5C%22\">Baja por enfermedad retribuida ESTATAL<\/a><\/td>\n<td>Usted o un miembro de su familia est\u00e1n enfermos; o cuidados preventivos en cuarentena<\/td>\n<td>Las vacaciones que haya acumulado o que su empresa le haya concedido en virtud de la ley<\/td>\n<td>Se le pagar\u00e1 su salario habitual o una media basada en<br \/>\nlos \u00faltimos 90 d\u00edas<\/td>\n<\/tr>\n<tr>\n<td><a href=\"%5C%22https:\/\/www.teamsters853.org\/news\/2020\/www.dir.ca.gov\/dwc\/FileAClaim.htm%5C%22\">indemnizaci\u00f3n por accidente laboral<\/a><\/td>\n<td>Incapaz de realizar su trabajo habitual por contraer COVID-19 en el trabajo<\/td>\n<td>Pagos por incapacidad temporal (IT)<\/td>\n<td>Generalmente 2\/3 del bruto<br \/>\nsalarios perdidos<\/td>\n<\/tr>\n<tr>\n<td>Baja por enfermedad retribuida de urgencia FEDERAL<\/td>\n<td>A) Personalmente sujeto a<br \/>\norden de cuarentena<br \/>\nB) Cuidar de un familiar o un ni\u00f1o en cuarentena<\/td>\n<td>El empresario debe tener menos de 500 empleados<\/td>\n<td>A) Hasta 80 horas de permiso retribuido, con un tope de 511 d\u00f3lares semanales.<br \/>\nB) 2 semanas de permiso con 2\/3 del salario normal hasta 200 $\/d\u00eda.<\/td>\n<\/tr>\n<\/tbody>\n<\/table>\n","protected":false},"excerpt":{"rendered":"<p>Programa Por qu\u00e9 no puedes trabajar Qu\u00e9 ofrece el programa \u00bfCu\u00e1nto? Seguro de invalidez ESTATAL Cuarentena m\u00e9dica o enfermedad certificada relacionada con COVID-19 Pagos a corto plazo por p\u00e9rdida de salario debida a enfermedad, lesi\u00f3n o embarazo no relacionados con el trabajo. Aprox. 60-70% del salario (en funci\u00f3n de los ingresos) para hasta 52 semanas [&hellip;]<\/p>\n","protected":false},"author":2,"featured_media":0,"parent":7683,"menu_order":0,"comment_status":"closed","ping_status":"closed","template":"","meta":{"site-sidebar-layout":"default","site-content-layout":"","ast-site-content-layout":"default","site-content-style":"default","site-sidebar-style":"default","ast-global-header-display":"","ast-banner-title-visibility":"","ast-main-header-display":"","ast-hfb-above-header-display":"","ast-hfb-below-header-display":"","ast-hfb-mobile-header-display":"","site-post-title":"","ast-breadcrumbs-content":"","ast-featured-img":"","footer-sml-layout":"","ast-disable-related-posts":"","theme-transparent-header-meta":"","adv-header-id-meta":"","stick-header-meta":"","header-above-stick-meta":"","header-main-stick-meta":"","header-below-stick-meta":"","astra-migrate-meta-layouts":"set","ast-page-background-enabled":"default","ast-page-background-meta":{"desktop":{"background-color":"","background-image":"","background-repeat":"repeat","background-position":"center center","background-size":"auto","background-attachment":"scroll","background-type":"","background-media":"","overlay-type":"","overlay-color":"","overlay-opacity":"","overlay-gradient":""},"tablet":{"background-color":"","background-image":"","background-repeat":"repeat","background-position":"center center","background-size":"auto","background-attachment":"scroll","background-type":"","background-media":"","overlay-type":"","overlay-color":"","overlay-opacity":"","overlay-gradient":""},"mobile":{"background-color":"","background-image":"","background-repeat":"repeat","background-position":"center center","background-size":"auto","background-attachment":"scroll","background-type":"","background-media":"","overlay-type":"","overlay-color":"","overlay-opacity":"","overlay-gradient":""}},"ast-content-background-meta":{"desktop":{"background-color":"var(--ast-global-color-5)","background-image":"","background-repeat":"repeat","background-position":"center center","background-size":"auto","background-attachment":"scroll","background-type":"","background-media":"","overlay-type":"","overlay-color":"","overlay-opacity":"","overlay-gradient":""},"tablet":{"background-color":"var(--ast-global-color-5)","background-image":"","background-repeat":"repeat","background-position":"center center","background-size":"auto","background-attachment":"scroll","background-type":"","background-media":"","overlay-type":"","overlay-color":"","overlay-opacity":"","overlay-gradient":""},"mobile":{"background-color":"var(--ast-global-color-5)","background-image":"","background-repeat":"repeat","background-position":"center center","background-size":"auto","background-attachment":"scroll","background-type":"","background-media":"","overlay-type":"","overlay-color":"","overlay-opacity":"","overlay-gradient":""}},"footnotes":""},"class_list":["post-7684","page","type-page","status-publish","hentry"],"yoast_head":"<!-- This site is optimized with the Yoast SEO plugin v27.3 - https:\/\/yoast.com\/product\/yoast-seo-wordpress\/ -->\n<title>Programas de ayuda gubernamental para COVID-19 - Teamsters Local 853<\/title>\n<meta name=\"robots\" content=\"index, follow, max-snippet:-1, max-image-preview:large, max-video-preview:-1\" \/>\n<link rel=\"canonical\" href=\"https:\/\/teamsters853.org\/es\/centro-de-recursos-covid-19\/programas-de-ayuda-gubernamental-para-covid-19\/\" \/>\n<meta property=\"og:locale\" content=\"es_ES\" \/>\n<meta property=\"og:type\" content=\"article\" \/>\n<meta property=\"og:title\" content=\"Programas de ayuda gubernamental para COVID-19 - Teamsters Local 853\" \/>\n<meta property=\"og:description\" content=\"Programa Por qu\u00e9 no puedes trabajar Qu\u00e9 ofrece el programa \u00bfCu\u00e1nto? Seguro de invalidez ESTATAL Cuarentena m\u00e9dica o enfermedad certificada relacionada con COVID-19 Pagos a corto plazo por p\u00e9rdida de salario debida a enfermedad, lesi\u00f3n o embarazo no relacionados con el trabajo. Aprox. 60-70% del salario (en funci\u00f3n de los ingresos) para hasta 52 semanas [&hellip;]\" \/>\n<meta property=\"og:url\" content=\"https:\/\/teamsters853.org\/es\/centro-de-recursos-covid-19\/programas-de-ayuda-gubernamental-para-covid-19\/\" \/>\n<meta property=\"og:site_name\" content=\"Teamsters Local 853\" \/>\n<meta property=\"article:publisher\" content=\"https:\/\/www.facebook.com\/team853\/\" \/>\n<meta property=\"article:modified_time\" content=\"2023-11-22T05:29:20+00:00\" \/>\n<meta name=\"twitter:card\" content=\"summary_large_image\" \/>\n<meta name=\"twitter:label1\" content=\"Tiempo de lectura\" \/>\n\t<meta name=\"twitter:data1\" content=\"2 minutos\" \/>\n<script type=\"application\/ld+json\" class=\"yoast-schema-graph\">{\"@context\":\"https:\\\/\\\/schema.org\",\"@graph\":[{\"@type\":\"WebPage\",\"@id\":\"https:\\\/\\\/teamsters853.org\\\/es\\\/centro-de-recursos-covid-19\\\/programas-de-ayuda-gubernamental-para-covid-19\\\/\",\"url\":\"https:\\\/\\\/teamsters853.org\\\/es\\\/centro-de-recursos-covid-19\\\/programas-de-ayuda-gubernamental-para-covid-19\\\/\",\"name\":\"Programas de ayuda gubernamental para COVID-19 - Teamsters Local 853\",\"isPartOf\":{\"@id\":\"https:\\\/\\\/teamsters853.org\\\/#website\"},\"datePublished\":\"2020-05-07T22:43:51+00:00\",\"dateModified\":\"2023-11-22T05:29:20+00:00\",\"breadcrumb\":{\"@id\":\"https:\\\/\\\/teamsters853.org\\\/es\\\/centro-de-recursos-covid-19\\\/programas-de-ayuda-gubernamental-para-covid-19\\\/#breadcrumb\"},\"inLanguage\":\"es\",\"potentialAction\":[{\"@type\":\"ReadAction\",\"target\":[\"https:\\\/\\\/teamsters853.org\\\/es\\\/centro-de-recursos-covid-19\\\/programas-de-ayuda-gubernamental-para-covid-19\\\/\"]}]},{\"@type\":\"BreadcrumbList\",\"@id\":\"https:\\\/\\\/teamsters853.org\\\/es\\\/centro-de-recursos-covid-19\\\/programas-de-ayuda-gubernamental-para-covid-19\\\/#breadcrumb\",\"itemListElement\":[{\"@type\":\"ListItem\",\"position\":1,\"name\":\"Home\",\"item\":\"https:\\\/\\\/teamsters853.org\\\/es\\\/\"},{\"@type\":\"ListItem\",\"position\":2,\"name\":\"Centro de recursos COVID-19\",\"item\":\"https:\\\/\\\/teamsters853.org\\\/centro-de-recursos-covid-19\\\/\"},{\"@type\":\"ListItem\",\"position\":3,\"name\":\"Programas de ayuda gubernamental para COVID-19\"}]},{\"@type\":\"WebSite\",\"@id\":\"https:\\\/\\\/teamsters853.org\\\/#website\",\"url\":\"https:\\\/\\\/teamsters853.org\\\/\",\"name\":\"Teamsters Local Union 853\",\"description\":\"WHERE AND WHEN:\",\"publisher\":{\"@id\":\"https:\\\/\\\/teamsters853.org\\\/#organization\"},\"potentialAction\":[{\"@type\":\"SearchAction\",\"target\":{\"@type\":\"EntryPoint\",\"urlTemplate\":\"https:\\\/\\\/teamsters853.org\\\/?s={search_term_string}\"},\"query-input\":{\"@type\":\"PropertyValueSpecification\",\"valueRequired\":true,\"valueName\":\"search_term_string\"}}],\"inLanguage\":\"es\"},{\"@type\":\"Organization\",\"@id\":\"https:\\\/\\\/teamsters853.org\\\/#organization\",\"name\":\"Teamsters Local Union 853\",\"url\":\"https:\\\/\\\/teamsters853.org\\\/\",\"logo\":{\"@type\":\"ImageObject\",\"inLanguage\":\"es\",\"@id\":\"https:\\\/\\\/teamsters853.org\\\/#\\\/schema\\\/logo\\\/image\\\/\",\"url\":\"https:\\\/\\\/teamsters853.org\\\/wp-content\\\/uploads\\\/2023\\\/01\\\/cropped-Teamsters-Local-853-Logo.png\",\"contentUrl\":\"https:\\\/\\\/teamsters853.org\\\/wp-content\\\/uploads\\\/2023\\\/01\\\/cropped-Teamsters-Local-853-Logo.png\",\"width\":600,\"height\":747,\"caption\":\"Teamsters Local Union 853\"},\"image\":{\"@id\":\"https:\\\/\\\/teamsters853.org\\\/#\\\/schema\\\/logo\\\/image\\\/\"},\"sameAs\":[\"https:\\\/\\\/www.facebook.com\\\/team853\\\/\"]}]}<\/script>\n<!-- \/ Yoast SEO plugin. -->","yoast_head_json":{"title":"Programas de ayuda gubernamental para COVID-19 - Teamsters Local 853","robots":{"index":"index","follow":"follow","max-snippet":"max-snippet:-1","max-image-preview":"max-image-preview:large","max-video-preview":"max-video-preview:-1"},"canonical":"https:\/\/teamsters853.org\/es\/centro-de-recursos-covid-19\/programas-de-ayuda-gubernamental-para-covid-19\/","og_locale":"es_ES","og_type":"article","og_title":"Programas de ayuda gubernamental para COVID-19 - Teamsters Local 853","og_description":"Programa Por qu\u00e9 no puedes trabajar Qu\u00e9 ofrece el programa \u00bfCu\u00e1nto? Seguro de invalidez ESTATAL Cuarentena m\u00e9dica o enfermedad certificada relacionada con COVID-19 Pagos a corto plazo por p\u00e9rdida de salario debida a enfermedad, lesi\u00f3n o embarazo no relacionados con el trabajo. Aprox. 60-70% del salario (en funci\u00f3n de los ingresos) para hasta 52 semanas [&hellip;]","og_url":"https:\/\/teamsters853.org\/es\/centro-de-recursos-covid-19\/programas-de-ayuda-gubernamental-para-covid-19\/","og_site_name":"Teamsters Local 853","article_publisher":"https:\/\/www.facebook.com\/team853\/","article_modified_time":"2023-11-22T05:29:20+00:00","twitter_card":"summary_large_image","twitter_misc":{"Tiempo de lectura":"2 minutos"},"schema":{"@context":"https:\/\/schema.org","@graph":[{"@type":"WebPage","@id":"https:\/\/teamsters853.org\/es\/centro-de-recursos-covid-19\/programas-de-ayuda-gubernamental-para-covid-19\/","url":"https:\/\/teamsters853.org\/es\/centro-de-recursos-covid-19\/programas-de-ayuda-gubernamental-para-covid-19\/","name":"Programas de ayuda gubernamental para COVID-19 - Teamsters Local 853","isPartOf":{"@id":"https:\/\/teamsters853.org\/#website"},"datePublished":"2020-05-07T22:43:51+00:00","dateModified":"2023-11-22T05:29:20+00:00","breadcrumb":{"@id":"https:\/\/teamsters853.org\/es\/centro-de-recursos-covid-19\/programas-de-ayuda-gubernamental-para-covid-19\/#breadcrumb"},"inLanguage":"es","potentialAction":[{"@type":"ReadAction","target":["https:\/\/teamsters853.org\/es\/centro-de-recursos-covid-19\/programas-de-ayuda-gubernamental-para-covid-19\/"]}]},{"@type":"BreadcrumbList","@id":"https:\/\/teamsters853.org\/es\/centro-de-recursos-covid-19\/programas-de-ayuda-gubernamental-para-covid-19\/#breadcrumb","itemListElement":[{"@type":"ListItem","position":1,"name":"Home","item":"https:\/\/teamsters853.org\/es\/"},{"@type":"ListItem","position":2,"name":"Centro de recursos COVID-19","item":"https:\/\/teamsters853.org\/centro-de-recursos-covid-19\/"},{"@type":"ListItem","position":3,"name":"Programas de ayuda gubernamental para COVID-19"}]},{"@type":"WebSite","@id":"https:\/\/teamsters853.org\/#website","url":"https:\/\/teamsters853.org\/","name":"Teamsters Local Union 853","description":"WHERE AND WHEN:","publisher":{"@id":"https:\/\/teamsters853.org\/#organization"},"potentialAction":[{"@type":"SearchAction","target":{"@type":"EntryPoint","urlTemplate":"https:\/\/teamsters853.org\/?s={search_term_string}"},"query-input":{"@type":"PropertyValueSpecification","valueRequired":true,"valueName":"search_term_string"}}],"inLanguage":"es"},{"@type":"Organization","@id":"https:\/\/teamsters853.org\/#organization","name":"Teamsters Local Union 853","url":"https:\/\/teamsters853.org\/","logo":{"@type":"ImageObject","inLanguage":"es","@id":"https:\/\/teamsters853.org\/#\/schema\/logo\/image\/","url":"https:\/\/teamsters853.org\/wp-content\/uploads\/2023\/01\/cropped-Teamsters-Local-853-Logo.png","contentUrl":"https:\/\/teamsters853.org\/wp-content\/uploads\/2023\/01\/cropped-Teamsters-Local-853-Logo.png","width":600,"height":747,"caption":"Teamsters Local Union 853"},"image":{"@id":"https:\/\/teamsters853.org\/#\/schema\/logo\/image\/"},"sameAs":["https:\/\/www.facebook.com\/team853\/"]}]}},"_links":{"self":[{"href":"https:\/\/teamsters853.org\/es\/wp-json\/wp\/v2\/pages\/7684","targetHints":{"allow":["GET"]}}],"collection":[{"href":"https:\/\/teamsters853.org\/es\/wp-json\/wp\/v2\/pages"}],"about":[{"href":"https:\/\/teamsters853.org\/es\/wp-json\/wp\/v2\/types\/page"}],"author":[{"embeddable":true,"href":"https:\/\/teamsters853.org\/es\/wp-json\/wp\/v2\/users\/2"}],"replies":[{"embeddable":true,"href":"https:\/\/teamsters853.org\/es\/wp-json\/wp\/v2\/comments?post=7684"}],"version-history":[{"count":1,"href":"https:\/\/teamsters853.org\/es\/wp-json\/wp\/v2\/pages\/7684\/revisions"}],"predecessor-version":[{"id":7687,"href":"https:\/\/teamsters853.org\/es\/wp-json\/wp\/v2\/pages\/7684\/revisions\/7687"}],"up":[{"embeddable":true,"href":"https:\/\/teamsters853.org\/es\/wp-json\/wp\/v2\/pages\/7683"}],"wp:attachment":[{"href":"https:\/\/teamsters853.org\/es\/wp-json\/wp\/v2\/media?parent=7684"}],"curies":[{"name":"wp","href":"https:\/\/api.w.org\/{rel}","templated":true}]}}