{"id":7681,"date":"2020-03-15T21:58:50","date_gmt":"2020-03-15T21:58:50","guid":{"rendered":"https:\/\/teamsters853.org\/quienes-somos\/acerca-de-local-853\/"},"modified":"2020-03-15T21:58:50","modified_gmt":"2020-03-15T21:58:50","slug":"acerca-de-local-853","status":"publish","type":"page","link":"https:\/\/teamsters853.org\/es\/quienes-somos\/acerca-de-local-853\/","title":{"rendered":"Acerca de Local 853"},"content":{"rendered":"<p><img decoding=\"async\" width=\"\\\"1024\\\"\" height=\"\\\"135\\\"\" src=\"%5C%22https:\/\/teamsters853.org\/wp-content\/uploads\/2021\/04\/Row1-4-21-1024x135.jpg%5C%22\" alt=\"\\Collage\" of=\"\" local=\"\" members=\"\" loading=\"\\\"lazy\\\"\" srcset=\"\\\"https:\/\/teamsters853.org\/wp-content\/uploads\/2021\/04\/Row1-4-21-1024x135.jpg\" sizes=\"\\\"(max-width:\" https:=\"\">\t\t\t\t\t\t\t\t\t\t\t\t\t\t<\/p>\n<h2>Somos un sindicato del siglo XXI<\/h2>\n<p>Nuestros miembros se unen como sindicato para garantizar no s\u00f3lo que recibimos una remuneraci\u00f3n justa por nuestras contribuciones a la empresa, sino tambi\u00e9n que tenemos una voz fuerte en el lugar de trabajo, sobre todo en lo que respecta a la seguridad y las cuestiones de competencia profesional.<\/p>\n<p>Teamsters Local 853 representa a casi 15.000 miembros de unas 250 empresas diferentes, la mayor\u00eda en la zona de la bah\u00eda, pero tenemos miembros desde Bakersfield hasta la frontera con Oreg\u00f3n y el norte de Nevada. Estos son los sectores en los que trabajan nuestros miembros:<\/p>\n<ul type=\"\\\"square\\\"\">\n<li type=\"\\\"square\\\"\">Panader\u00eda<\/li>\n<li>Bebida<\/li>\n<li>Materiales de construcci\u00f3n\/Mezcla preparada\/Construcci\u00f3n<\/li>\n<li>Autob\u00fas t\u00e9cnico\/Escolar\/Paratr\u00e1nsito<\/li>\n<li>Fabricaci\u00f3n de autobuses<\/li>\n<li>Cannabis<\/li>\n<li>Concesionarios<\/li>\n<li>Alquiler de coches<\/li>\n<li>Concesiones<\/li>\n<li>L\u00e1cteos<\/li>\n<li>Alimentaci\u00f3n\/Camiones<\/li>\n<li>Lavander\u00eda y ropa blanca<\/li>\n<li>Varios<\/li>\n<li>Municipios y distritos escolares<\/li>\n<li>Peri\u00f3dico<\/li>\n<li>Asociaciones sin \u00e1nimo de lucro<\/li>\n<li>Entrega de paquetes<\/li>\n<li>Aparcamiento<\/li>\n<li>Industria gr\u00e1fica<\/li>\n<li>Venta al por menor<\/li>\n<li>Distritos escolares<\/li>\n<li>Industria pesada<\/li>\n<li>Fabricaci\u00f3n de alimentos<\/li>\n<li>Distribuci\u00f3n de vinos, licores y cervezas<\/li>\n<\/ul>\n<h2>\\Trabajar juntos, ganar juntos&#8221;.<\/h2>\n","protected":false},"excerpt":{"rendered":"<p>Somos un sindicato del siglo XXI Nuestros miembros se unen como sindicato para garantizar no s\u00f3lo que recibimos una remuneraci\u00f3n justa por nuestras contribuciones a la empresa, sino tambi\u00e9n que tenemos una voz fuerte en el lugar de trabajo, sobre todo en lo que respecta a la seguridad y las cuestiones de competencia profesional. Teamsters [&hellip;]<\/p>\n","protected":false},"author":2,"featured_media":0,"parent":7680,"menu_order":0,"comment_status":"closed","ping_status":"closed","template":"","meta":{"site-sidebar-layout":"default","site-content-layout":"","ast-site-content-layout":"default","site-content-style":"default","site-sidebar-style":"default","ast-global-header-display":"","ast-banner-title-visibility":"","ast-main-header-display":"","ast-hfb-above-header-display":"","ast-hfb-below-header-display":"","ast-hfb-mobile-header-display":"","site-post-title":"","ast-breadcrumbs-content":"","ast-featured-img":"","footer-sml-layout":"","ast-disable-related-posts":"","theme-transparent-header-meta":"","adv-header-id-meta":"","stick-header-meta":"","header-above-stick-meta":"","header-main-stick-meta":"","header-below-stick-meta":"","astra-migrate-meta-layouts":"default","ast-page-background-enabled":"default","ast-page-background-meta":{"desktop":{"background-color":"","background-image":"","background-repeat":"repeat","background-position":"center center","background-size":"auto","background-attachment":"scroll","background-type":"","background-media":"","overlay-type":"","overlay-color":"","overlay-opacity":"","overlay-gradient":""},"tablet":{"background-color":"","background-image":"","background-repeat":"repeat","background-position":"center center","background-size":"auto","background-attachment":"scroll","background-type":"","background-media":"","overlay-type":"","overlay-color":"","overlay-opacity":"","overlay-gradient":""},"mobile":{"background-color":"","background-image":"","background-repeat":"repeat","background-position":"center center","background-size":"auto","background-attachment":"scroll","background-type":"","background-media":"","overlay-type":"","overlay-color":"","overlay-opacity":"","overlay-gradient":""}},"ast-content-background-meta":{"desktop":{"background-color":"var(--ast-global-color-5)","background-image":"","background-repeat":"repeat","background-position":"center center","background-size":"auto","background-attachment":"scroll","background-type":"","background-media":"","overlay-type":"","overlay-color":"","overlay-opacity":"","overlay-gradient":""},"tablet":{"background-color":"var(--ast-global-color-5)","background-image":"","background-repeat":"repeat","background-position":"center center","background-size":"auto","background-attachment":"scroll","background-type":"","background-media":"","overlay-type":"","overlay-color":"","overlay-opacity":"","overlay-gradient":""},"mobile":{"background-color":"var(--ast-global-color-5)","background-image":"","background-repeat":"repeat","background-position":"center center","background-size":"auto","background-attachment":"scroll","background-type":"","background-media":"","overlay-type":"","overlay-color":"","overlay-opacity":"","overlay-gradient":""}},"footnotes":""},"class_list":["post-7681","page","type-page","status-publish","hentry"],"yoast_head":"<!-- This site is optimized with the Yoast SEO plugin v27.5 - https:\/\/yoast.com\/product\/yoast-seo-wordpress\/ -->\n<title>Acerca de Local 853 - Teamsters Local 853<\/title>\n<meta name=\"robots\" content=\"index, follow, max-snippet:-1, max-image-preview:large, max-video-preview:-1\" \/>\n<link rel=\"canonical\" href=\"https:\/\/teamsters853.org\/quienes-somos\/acerca-de-local-853\/\" \/>\n<meta property=\"og:locale\" content=\"es_ES\" \/>\n<meta property=\"og:type\" content=\"article\" \/>\n<meta property=\"og:title\" content=\"Acerca de Local 853 - Teamsters Local 853\" \/>\n<meta property=\"og:description\" content=\"Somos un sindicato del siglo XXI Nuestros miembros se unen como sindicato para garantizar no s\u00f3lo que recibimos una remuneraci\u00f3n justa por nuestras contribuciones a la empresa, sino tambi\u00e9n que tenemos una voz fuerte en el lugar de trabajo, sobre todo en lo que respecta a la seguridad y las cuestiones de competencia profesional. Teamsters [&hellip;]\" \/>\n<meta property=\"og:url\" content=\"https:\/\/teamsters853.org\/quienes-somos\/acerca-de-local-853\/\" \/>\n<meta property=\"og:site_name\" content=\"Teamsters Local 853\" \/>\n<meta property=\"article:publisher\" content=\"https:\/\/www.facebook.com\/team853\/\" \/>\n<meta name=\"twitter:card\" content=\"summary_large_image\" \/>\n<meta name=\"twitter:label1\" content=\"Tiempo de lectura\" \/>\n\t<meta name=\"twitter:data1\" content=\"1 minuto\" \/>\n<script type=\"application\/ld+json\" class=\"yoast-schema-graph\">{\"@context\":\"https:\\\/\\\/schema.org\",\"@graph\":[{\"@type\":\"WebPage\",\"@id\":\"https:\\\/\\\/teamsters853.org\\\/quienes-somos\\\/acerca-de-local-853\\\/\",\"url\":\"https:\\\/\\\/teamsters853.org\\\/quienes-somos\\\/acerca-de-local-853\\\/\",\"name\":\"Acerca de Local 853 - Teamsters Local 853\",\"isPartOf\":{\"@id\":\"https:\\\/\\\/teamsters853.org\\\/#website\"},\"datePublished\":\"2020-03-15T21:58:50+00:00\",\"breadcrumb\":{\"@id\":\"https:\\\/\\\/teamsters853.org\\\/quienes-somos\\\/acerca-de-local-853\\\/#breadcrumb\"},\"inLanguage\":\"es\",\"potentialAction\":[{\"@type\":\"ReadAction\",\"target\":[\"https:\\\/\\\/teamsters853.org\\\/quienes-somos\\\/acerca-de-local-853\\\/\"]}]},{\"@type\":\"BreadcrumbList\",\"@id\":\"https:\\\/\\\/teamsters853.org\\\/quienes-somos\\\/acerca-de-local-853\\\/#breadcrumb\",\"itemListElement\":[{\"@type\":\"ListItem\",\"position\":1,\"name\":\"Home\",\"item\":\"https:\\\/\\\/teamsters853.org\\\/es\\\/\"},{\"@type\":\"ListItem\",\"position\":2,\"name\":\"Qui\u00e9nes somos\",\"item\":\"https:\\\/\\\/teamsters853.org\\\/quienes-somos\\\/\"},{\"@type\":\"ListItem\",\"position\":3,\"name\":\"Acerca de Local 853\"}]},{\"@type\":\"WebSite\",\"@id\":\"https:\\\/\\\/teamsters853.org\\\/#website\",\"url\":\"https:\\\/\\\/teamsters853.org\\\/\",\"name\":\"Teamsters Local Union 853\",\"description\":\"WHERE AND WHEN:\",\"publisher\":{\"@id\":\"https:\\\/\\\/teamsters853.org\\\/#organization\"},\"potentialAction\":[{\"@type\":\"SearchAction\",\"target\":{\"@type\":\"EntryPoint\",\"urlTemplate\":\"https:\\\/\\\/teamsters853.org\\\/?s={search_term_string}\"},\"query-input\":{\"@type\":\"PropertyValueSpecification\",\"valueRequired\":true,\"valueName\":\"search_term_string\"}}],\"inLanguage\":\"es\"},{\"@type\":\"Organization\",\"@id\":\"https:\\\/\\\/teamsters853.org\\\/#organization\",\"name\":\"Teamsters Local Union 853\",\"url\":\"https:\\\/\\\/teamsters853.org\\\/\",\"logo\":{\"@type\":\"ImageObject\",\"inLanguage\":\"es\",\"@id\":\"https:\\\/\\\/teamsters853.org\\\/#\\\/schema\\\/logo\\\/image\\\/\",\"url\":\"https:\\\/\\\/teamsters853.org\\\/wp-content\\\/uploads\\\/2023\\\/01\\\/cropped-Teamsters-Local-853-Logo.png\",\"contentUrl\":\"https:\\\/\\\/teamsters853.org\\\/wp-content\\\/uploads\\\/2023\\\/01\\\/cropped-Teamsters-Local-853-Logo.png\",\"width\":600,\"height\":747,\"caption\":\"Teamsters Local Union 853\"},\"image\":{\"@id\":\"https:\\\/\\\/teamsters853.org\\\/#\\\/schema\\\/logo\\\/image\\\/\"},\"sameAs\":[\"https:\\\/\\\/www.facebook.com\\\/team853\\\/\"]}]}<\/script>\n<!-- \/ Yoast SEO plugin. -->","yoast_head_json":{"title":"Acerca de Local 853 - Teamsters Local 853","robots":{"index":"index","follow":"follow","max-snippet":"max-snippet:-1","max-image-preview":"max-image-preview:large","max-video-preview":"max-video-preview:-1"},"canonical":"https:\/\/teamsters853.org\/quienes-somos\/acerca-de-local-853\/","og_locale":"es_ES","og_type":"article","og_title":"Acerca de Local 853 - Teamsters Local 853","og_description":"Somos un sindicato del siglo XXI Nuestros miembros se unen como sindicato para garantizar no s\u00f3lo que recibimos una remuneraci\u00f3n justa por nuestras contribuciones a la empresa, sino tambi\u00e9n que tenemos una voz fuerte en el lugar de trabajo, sobre todo en lo que respecta a la seguridad y las cuestiones de competencia profesional. Teamsters [&hellip;]","og_url":"https:\/\/teamsters853.org\/quienes-somos\/acerca-de-local-853\/","og_site_name":"Teamsters Local 853","article_publisher":"https:\/\/www.facebook.com\/team853\/","twitter_card":"summary_large_image","twitter_misc":{"Tiempo de lectura":"1 minuto"},"schema":{"@context":"https:\/\/schema.org","@graph":[{"@type":"WebPage","@id":"https:\/\/teamsters853.org\/quienes-somos\/acerca-de-local-853\/","url":"https:\/\/teamsters853.org\/quienes-somos\/acerca-de-local-853\/","name":"Acerca de Local 853 - Teamsters Local 853","isPartOf":{"@id":"https:\/\/teamsters853.org\/#website"},"datePublished":"2020-03-15T21:58:50+00:00","breadcrumb":{"@id":"https:\/\/teamsters853.org\/quienes-somos\/acerca-de-local-853\/#breadcrumb"},"inLanguage":"es","potentialAction":[{"@type":"ReadAction","target":["https:\/\/teamsters853.org\/quienes-somos\/acerca-de-local-853\/"]}]},{"@type":"BreadcrumbList","@id":"https:\/\/teamsters853.org\/quienes-somos\/acerca-de-local-853\/#breadcrumb","itemListElement":[{"@type":"ListItem","position":1,"name":"Home","item":"https:\/\/teamsters853.org\/es\/"},{"@type":"ListItem","position":2,"name":"Qui\u00e9nes somos","item":"https:\/\/teamsters853.org\/quienes-somos\/"},{"@type":"ListItem","position":3,"name":"Acerca de Local 853"}]},{"@type":"WebSite","@id":"https:\/\/teamsters853.org\/#website","url":"https:\/\/teamsters853.org\/","name":"Teamsters Local Union 853","description":"WHERE AND WHEN:","publisher":{"@id":"https:\/\/teamsters853.org\/#organization"},"potentialAction":[{"@type":"SearchAction","target":{"@type":"EntryPoint","urlTemplate":"https:\/\/teamsters853.org\/?s={search_term_string}"},"query-input":{"@type":"PropertyValueSpecification","valueRequired":true,"valueName":"search_term_string"}}],"inLanguage":"es"},{"@type":"Organization","@id":"https:\/\/teamsters853.org\/#organization","name":"Teamsters Local Union 853","url":"https:\/\/teamsters853.org\/","logo":{"@type":"ImageObject","inLanguage":"es","@id":"https:\/\/teamsters853.org\/#\/schema\/logo\/image\/","url":"https:\/\/teamsters853.org\/wp-content\/uploads\/2023\/01\/cropped-Teamsters-Local-853-Logo.png","contentUrl":"https:\/\/teamsters853.org\/wp-content\/uploads\/2023\/01\/cropped-Teamsters-Local-853-Logo.png","width":600,"height":747,"caption":"Teamsters Local Union 853"},"image":{"@id":"https:\/\/teamsters853.org\/#\/schema\/logo\/image\/"},"sameAs":["https:\/\/www.facebook.com\/team853\/"]}]}},"_links":{"self":[{"href":"https:\/\/teamsters853.org\/es\/wp-json\/wp\/v2\/pages\/7681","targetHints":{"allow":["GET"]}}],"collection":[{"href":"https:\/\/teamsters853.org\/es\/wp-json\/wp\/v2\/pages"}],"about":[{"href":"https:\/\/teamsters853.org\/es\/wp-json\/wp\/v2\/types\/page"}],"author":[{"embeddable":true,"href":"https:\/\/teamsters853.org\/es\/wp-json\/wp\/v2\/users\/2"}],"replies":[{"embeddable":true,"href":"https:\/\/teamsters853.org\/es\/wp-json\/wp\/v2\/comments?post=7681"}],"version-history":[{"count":0,"href":"https:\/\/teamsters853.org\/es\/wp-json\/wp\/v2\/pages\/7681\/revisions"}],"up":[{"embeddable":true,"href":"https:\/\/teamsters853.org\/es\/wp-json\/wp\/v2\/pages\/7680"}],"wp:attachment":[{"href":"https:\/\/teamsters853.org\/es\/wp-json\/wp\/v2\/media?parent=7681"}],"curies":[{"name":"wp","href":"https:\/\/api.w.org\/{rel}","templated":true}]}}