{"id":7561,"date":"2020-11-02T19:22:46","date_gmt":"2020-11-02T19:22:46","guid":{"rendered":"https:\/\/teamsters853.org\/seguridad-y-salud\/"},"modified":"2020-11-02T19:22:46","modified_gmt":"2020-11-02T19:22:46","slug":"seguridad-y-salud","status":"publish","type":"page","link":"https:\/\/teamsters853.org\/es\/recursos-para-los-miembros\/conozca-sus-derechos\/seguridad-y-salud\/","title":{"rendered":"Seguridad y salud"},"content":{"rendered":"<h1>Seguridad y salud<\/h1>\n<h3>Conozca sus derechos<\/h3>\n<p>La ley federal le da derecho a un lugar de trabajo seguro. (Ley de Seguridad y Salud en el Trabajo de 1970). Su empresario debe mantener su lugar de trabajo libre de peligros conocidos para la salud y la seguridad. Tienes derecho a hablar de los peligros <strong>sin miedo a represalias<\/strong>. Tambi\u00e9n tiene derecho a:<\/p>\n<ul>\n<li>Recibir formaci\u00f3n sobre seguridad y salud en el lugar de trabajo en un idioma que entienda<\/li>\n<li>Trabajar con m\u00e1quinas seguras<\/li>\n<li>Recibir el equipo de seguridad necesario, como guantes o arn\u00e9s y l\u00ednea de vida para ca\u00eddas<\/li>\n<li>Protegerse de los productos qu\u00edmicos t\u00f3xicos<\/li>\n<li>Solicite una inspecci\u00f3n de la OSHA y hable con el inspector<\/li>\n<li>Informar de una lesi\u00f3n o enfermedad y obtener copias de su historial m\u00e9dico<\/li>\n<li>Revisar los registros de lesiones y enfermedades laborales<\/li>\n<li>Ver los resultados de las pruebas realizadas para detectar riesgos laborales<\/li>\n<\/ul>\n<p>Si le preocupan las condiciones de seguridad en el trabajo, p\u00f3ngase en contacto inmediatamente con su agente comercial y consulte los recursos en l\u00ednea para obtener m\u00e1s informaci\u00f3n.<\/p>\n<h4>Recursos \u00fatiles en l\u00ednea:<\/h4>\n<ul>\n<li><a href=\"http:\/\/osha.gov\/\">Administraci\u00f3n Federal de Seguridad y Salud en el Trabajo<\/a><\/li>\n<li><a href=\"https:\/\/www.dir.ca.gov\/dosh\/\">P\u00e1gina de seguridad laboral del Estado de California<\/a><\/li>\n<li><a href=\"http:\/\/www.dir.ca.gov\/samples\/search\/query.htm%5C\">Cal OSHA T\u00edtulo 8 Regulaciones &#8211; Tabla de Contenidos<\/a><\/li>\n<\/ul>\n","protected":false},"excerpt":{"rendered":"<p>Seguridad y salud Conozca sus derechos La ley federal le da derecho a un lugar de trabajo seguro. (Ley de Seguridad y Salud en el Trabajo de 1970). Su empresario debe mantener su lugar de trabajo libre de peligros conocidos para la salud y la seguridad. Tienes derecho a hablar de los peligros sin miedo [&hellip;]<\/p>\n","protected":false},"author":2,"featured_media":0,"parent":7694,"menu_order":0,"comment_status":"closed","ping_status":"closed","template":"","meta":{"site-sidebar-layout":"default","site-content-layout":"","ast-site-content-layout":"default","site-content-style":"default","site-sidebar-style":"default","ast-global-header-display":"","ast-banner-title-visibility":"","ast-main-header-display":"","ast-hfb-above-header-display":"","ast-hfb-below-header-display":"","ast-hfb-mobile-header-display":"","site-post-title":"disabled","ast-breadcrumbs-content":"","ast-featured-img":"","footer-sml-layout":"","ast-disable-related-posts":"","theme-transparent-header-meta":"","adv-header-id-meta":"","stick-header-meta":"","header-above-stick-meta":"","header-main-stick-meta":"","header-below-stick-meta":"","astra-migrate-meta-layouts":"default","ast-page-background-enabled":"default","ast-page-background-meta":{"desktop":{"background-color":"","background-image":"","background-repeat":"repeat","background-position":"center center","background-size":"auto","background-attachment":"scroll","background-type":"","background-media":"","overlay-type":"","overlay-color":"","overlay-opacity":"","overlay-gradient":""},"tablet":{"background-color":"","background-image":"","background-repeat":"repeat","background-position":"center center","background-size":"auto","background-attachment":"scroll","background-type":"","background-media":"","overlay-type":"","overlay-color":"","overlay-opacity":"","overlay-gradient":""},"mobile":{"background-color":"","background-image":"","background-repeat":"repeat","background-position":"center center","background-size":"auto","background-attachment":"scroll","background-type":"","background-media":"","overlay-type":"","overlay-color":"","overlay-opacity":"","overlay-gradient":""}},"ast-content-background-meta":{"desktop":{"background-color":"var(--ast-global-color-5)","background-image":"","background-repeat":"repeat","background-position":"center center","background-size":"auto","background-attachment":"scroll","background-type":"","background-media":"","overlay-type":"","overlay-color":"","overlay-opacity":"","overlay-gradient":""},"tablet":{"background-color":"var(--ast-global-color-5)","background-image":"","background-repeat":"repeat","background-position":"center center","background-size":"auto","background-attachment":"scroll","background-type":"","background-media":"","overlay-type":"","overlay-color":"","overlay-opacity":"","overlay-gradient":""},"mobile":{"background-color":"var(--ast-global-color-5)","background-image":"","background-repeat":"repeat","background-position":"center center","background-size":"auto","background-attachment":"scroll","background-type":"","background-media":"","overlay-type":"","overlay-color":"","overlay-opacity":"","overlay-gradient":""}},"footnotes":""},"class_list":["post-7561","page","type-page","status-publish","hentry"],"yoast_head":"<!-- This site is optimized with the Yoast SEO plugin v27.3 - https:\/\/yoast.com\/product\/yoast-seo-wordpress\/ -->\n<title>Seguridad y salud - Teamsters Local 853<\/title>\n<meta name=\"robots\" content=\"index, follow, max-snippet:-1, max-image-preview:large, max-video-preview:-1\" \/>\n<link rel=\"canonical\" href=\"https:\/\/teamsters853.org\/seguridad-y-salud\/\" \/>\n<meta property=\"og:locale\" content=\"es_ES\" \/>\n<meta property=\"og:type\" content=\"article\" \/>\n<meta property=\"og:title\" content=\"Seguridad y salud - Teamsters Local 853\" \/>\n<meta property=\"og:description\" content=\"Seguridad y salud Conozca sus derechos La ley federal le da derecho a un lugar de trabajo seguro. (Ley de Seguridad y Salud en el Trabajo de 1970). Su empresario debe mantener su lugar de trabajo libre de peligros conocidos para la salud y la seguridad. Tienes derecho a hablar de los peligros sin miedo [&hellip;]\" \/>\n<meta property=\"og:url\" content=\"https:\/\/teamsters853.org\/seguridad-y-salud\/\" \/>\n<meta property=\"og:site_name\" content=\"Teamsters Local 853\" \/>\n<meta property=\"article:publisher\" content=\"https:\/\/www.facebook.com\/team853\/\" \/>\n<meta name=\"twitter:card\" content=\"summary_large_image\" \/>\n<meta name=\"twitter:label1\" content=\"Tiempo de lectura\" \/>\n\t<meta name=\"twitter:data1\" content=\"1 minuto\" \/>\n<script type=\"application\/ld+json\" class=\"yoast-schema-graph\">{\"@context\":\"https:\\\/\\\/schema.org\",\"@graph\":[{\"@type\":\"WebPage\",\"@id\":\"https:\\\/\\\/teamsters853.org\\\/seguridad-y-salud\\\/\",\"url\":\"https:\\\/\\\/teamsters853.org\\\/seguridad-y-salud\\\/\",\"name\":\"Seguridad y salud - Teamsters Local 853\",\"isPartOf\":{\"@id\":\"https:\\\/\\\/teamsters853.org\\\/#website\"},\"datePublished\":\"2020-11-02T19:22:46+00:00\",\"breadcrumb\":{\"@id\":\"https:\\\/\\\/teamsters853.org\\\/seguridad-y-salud\\\/#breadcrumb\"},\"inLanguage\":\"es\",\"potentialAction\":[{\"@type\":\"ReadAction\",\"target\":[\"https:\\\/\\\/teamsters853.org\\\/seguridad-y-salud\\\/\"]}]},{\"@type\":\"BreadcrumbList\",\"@id\":\"https:\\\/\\\/teamsters853.org\\\/seguridad-y-salud\\\/#breadcrumb\",\"itemListElement\":[{\"@type\":\"ListItem\",\"position\":1,\"name\":\"Home\",\"item\":\"https:\\\/\\\/teamsters853.org\\\/es\\\/\"},{\"@type\":\"ListItem\",\"position\":2,\"name\":\"Seguridad y salud\"}]},{\"@type\":\"WebSite\",\"@id\":\"https:\\\/\\\/teamsters853.org\\\/#website\",\"url\":\"https:\\\/\\\/teamsters853.org\\\/\",\"name\":\"Teamsters Local Union 853\",\"description\":\"WHERE AND WHEN:\",\"publisher\":{\"@id\":\"https:\\\/\\\/teamsters853.org\\\/#organization\"},\"potentialAction\":[{\"@type\":\"SearchAction\",\"target\":{\"@type\":\"EntryPoint\",\"urlTemplate\":\"https:\\\/\\\/teamsters853.org\\\/?s={search_term_string}\"},\"query-input\":{\"@type\":\"PropertyValueSpecification\",\"valueRequired\":true,\"valueName\":\"search_term_string\"}}],\"inLanguage\":\"es\"},{\"@type\":\"Organization\",\"@id\":\"https:\\\/\\\/teamsters853.org\\\/#organization\",\"name\":\"Teamsters Local Union 853\",\"url\":\"https:\\\/\\\/teamsters853.org\\\/\",\"logo\":{\"@type\":\"ImageObject\",\"inLanguage\":\"es\",\"@id\":\"https:\\\/\\\/teamsters853.org\\\/#\\\/schema\\\/logo\\\/image\\\/\",\"url\":\"https:\\\/\\\/teamsters853.org\\\/wp-content\\\/uploads\\\/2023\\\/01\\\/cropped-Teamsters-Local-853-Logo.png\",\"contentUrl\":\"https:\\\/\\\/teamsters853.org\\\/wp-content\\\/uploads\\\/2023\\\/01\\\/cropped-Teamsters-Local-853-Logo.png\",\"width\":600,\"height\":747,\"caption\":\"Teamsters Local Union 853\"},\"image\":{\"@id\":\"https:\\\/\\\/teamsters853.org\\\/#\\\/schema\\\/logo\\\/image\\\/\"},\"sameAs\":[\"https:\\\/\\\/www.facebook.com\\\/team853\\\/\"]}]}<\/script>\n<!-- \/ Yoast SEO plugin. -->","yoast_head_json":{"title":"Seguridad y salud - Teamsters Local 853","robots":{"index":"index","follow":"follow","max-snippet":"max-snippet:-1","max-image-preview":"max-image-preview:large","max-video-preview":"max-video-preview:-1"},"canonical":"https:\/\/teamsters853.org\/seguridad-y-salud\/","og_locale":"es_ES","og_type":"article","og_title":"Seguridad y salud - Teamsters Local 853","og_description":"Seguridad y salud Conozca sus derechos La ley federal le da derecho a un lugar de trabajo seguro. (Ley de Seguridad y Salud en el Trabajo de 1970). Su empresario debe mantener su lugar de trabajo libre de peligros conocidos para la salud y la seguridad. Tienes derecho a hablar de los peligros sin miedo [&hellip;]","og_url":"https:\/\/teamsters853.org\/seguridad-y-salud\/","og_site_name":"Teamsters Local 853","article_publisher":"https:\/\/www.facebook.com\/team853\/","twitter_card":"summary_large_image","twitter_misc":{"Tiempo de lectura":"1 minuto"},"schema":{"@context":"https:\/\/schema.org","@graph":[{"@type":"WebPage","@id":"https:\/\/teamsters853.org\/seguridad-y-salud\/","url":"https:\/\/teamsters853.org\/seguridad-y-salud\/","name":"Seguridad y salud - Teamsters Local 853","isPartOf":{"@id":"https:\/\/teamsters853.org\/#website"},"datePublished":"2020-11-02T19:22:46+00:00","breadcrumb":{"@id":"https:\/\/teamsters853.org\/seguridad-y-salud\/#breadcrumb"},"inLanguage":"es","potentialAction":[{"@type":"ReadAction","target":["https:\/\/teamsters853.org\/seguridad-y-salud\/"]}]},{"@type":"BreadcrumbList","@id":"https:\/\/teamsters853.org\/seguridad-y-salud\/#breadcrumb","itemListElement":[{"@type":"ListItem","position":1,"name":"Home","item":"https:\/\/teamsters853.org\/es\/"},{"@type":"ListItem","position":2,"name":"Seguridad y salud"}]},{"@type":"WebSite","@id":"https:\/\/teamsters853.org\/#website","url":"https:\/\/teamsters853.org\/","name":"Teamsters Local Union 853","description":"WHERE AND WHEN:","publisher":{"@id":"https:\/\/teamsters853.org\/#organization"},"potentialAction":[{"@type":"SearchAction","target":{"@type":"EntryPoint","urlTemplate":"https:\/\/teamsters853.org\/?s={search_term_string}"},"query-input":{"@type":"PropertyValueSpecification","valueRequired":true,"valueName":"search_term_string"}}],"inLanguage":"es"},{"@type":"Organization","@id":"https:\/\/teamsters853.org\/#organization","name":"Teamsters Local Union 853","url":"https:\/\/teamsters853.org\/","logo":{"@type":"ImageObject","inLanguage":"es","@id":"https:\/\/teamsters853.org\/#\/schema\/logo\/image\/","url":"https:\/\/teamsters853.org\/wp-content\/uploads\/2023\/01\/cropped-Teamsters-Local-853-Logo.png","contentUrl":"https:\/\/teamsters853.org\/wp-content\/uploads\/2023\/01\/cropped-Teamsters-Local-853-Logo.png","width":600,"height":747,"caption":"Teamsters Local Union 853"},"image":{"@id":"https:\/\/teamsters853.org\/#\/schema\/logo\/image\/"},"sameAs":["https:\/\/www.facebook.com\/team853\/"]}]}},"_links":{"self":[{"href":"https:\/\/teamsters853.org\/es\/wp-json\/wp\/v2\/pages\/7561","targetHints":{"allow":["GET"]}}],"collection":[{"href":"https:\/\/teamsters853.org\/es\/wp-json\/wp\/v2\/pages"}],"about":[{"href":"https:\/\/teamsters853.org\/es\/wp-json\/wp\/v2\/types\/page"}],"author":[{"embeddable":true,"href":"https:\/\/teamsters853.org\/es\/wp-json\/wp\/v2\/users\/2"}],"replies":[{"embeddable":true,"href":"https:\/\/teamsters853.org\/es\/wp-json\/wp\/v2\/comments?post=7561"}],"version-history":[{"count":0,"href":"https:\/\/teamsters853.org\/es\/wp-json\/wp\/v2\/pages\/7561\/revisions"}],"up":[{"embeddable":true,"href":"https:\/\/teamsters853.org\/es\/wp-json\/wp\/v2\/pages\/7694"}],"wp:attachment":[{"href":"https:\/\/teamsters853.org\/es\/wp-json\/wp\/v2\/media?parent=7561"}],"curies":[{"name":"wp","href":"https:\/\/api.w.org\/{rel}","templated":true}]}}