{"id":7536,"date":"2020-05-03T20:03:41","date_gmt":"2020-05-03T20:03:41","guid":{"rendered":"https:\/\/teamsters853.org\/beneficios\/"},"modified":"2023-11-21T07:31:44","modified_gmt":"2023-11-21T07:31:44","slug":"beneficios","status":"publish","type":"page","link":"https:\/\/teamsters853.org\/es\/beneficios\/","title":{"rendered":"Beneficios"},"content":{"rendered":"\n\n\t<h2>Planes de asistencia sanitaria y de jubilaci\u00f3n de los Teamsters<\/h2>\n<p>Local 853 trabaja con una amplia variedad de planes de salud y bienestar, planes de jubilaci\u00f3n y pensiones, etc. A continuaci\u00f3n figura una lista de los planes y servicios que se ofrecen a la mayor\u00eda de los afiliados.<\/p>\n<strong>\u00bfNo sabe qu\u00e9 plan(es) tiene? <a href=\"https:\/\/teamsters853.org\/es\/nuestro-equipo\/\"><br \/>\n  P\u00f3ngase en contacto con su agente comercial <br \/>\n<\/a>o llame a la oficina al 510-895-8853.<\/strong>\n\t<p><strong>Si conoce a su proveedor a continuaci\u00f3n, puede llamarle al n\u00famero indicado o hacer clic en el enlace, ir a su sitio web y crear un inicio de sesi\u00f3n para acceder a su informaci\u00f3n.<\/strong><\/p>\n<h2>\n\t\tPlanes de salud y bienestar\n\t<\/h2>\n\t<p><strong><a href=\"https:\/\/www.tbtfund.org\/\">Teamsters Health and Welfare Benefits Trust Fund \u00a0<\/a><\/strong> (TBT). <a href=\"tel:510-796-4676\">510-796-4676 \u00a0<\/a>or <a href=\"tel:800-533-0119\">800-533-0119<\/a><\/p>\n<strong><a href=\"https:\/\/www.tmtfunds.org\/\">Teamsters Managed Health<\/a><\/strong> (TMT)<a href=\"tel:925-426-3555\"> 925-426-3555<br \/>\n<\/a>\n<p>Bay Area Delivery Drivers (H&amp;W) <a href=\"tel:800-654-1824\">800-654-1824<\/a><\/p>\n<p>UPS Health and Welfare (SSA) <a href=\"tel:855-215-2039\">855-215-2039<\/a><\/p>\n<p><a href=\"https:\/\/www.tmtfunds.org\/\"><strong>Reddaway Health and Wellness<\/strong><\/a> (WTWT)<a href=\"tel:800-533-0119\">800-533-0119<\/a><\/p>\n<a href=\"https:\/\/www.brightnow.com\/\"><strong>Bright Now Dental<\/strong><\/a><a href=\"tel:510-568-6272\"> 510-568-6272<br \/>\n<\/a>\n<p><strong><\/strong><strong><a href=\"https:\/\/www1.deltadentalins.com\/\">Delta Dental<\/a><\/strong><a href=\"tel:8883358227\"> 888-335-8227<\/a><\/p>\n<strong><a href=\"https:\/\/www.vspvision.com\/\">VSP<\/a><\/strong> (Vision Plans)<a href=\"tel:800-877-7195\"> 800-877-7195<\/a><br \/>\n\n<h2>\n\t\tPlanes de pensiones\/jubilaci\u00f3n\n\t<\/h2>\n\t<p><a href=\"https:\/\/wctpension.org\/\"><strong>Western Conference of Teamsters Pension Trust<\/strong><\/a><a href=\"tel:510-568-6272\"> 650-570-7500<\/a> or<a href=\"tel:800-845-4162\">800-845-4162<\/a><\/p>\n<strong><a href=\"https:\/\/aitrustfunds.org\/\">Automobile Industry Pension Trust<\/a><\/strong><a href=\"tel:510-836-2484\"> 510-836-2484<br \/>\n<\/a>\n<p><a href=\"https:\/\/link.edgepilot.com\/s\/0e9ca73e\/JWwXlRZYSE_9-%20yxFq5Te7w?u=http:\/\/www.myplan.johnhancock.com\/\"><strong>SIP 401(K)<\/strong><\/a><\/p>\nToll-free: <a href=\"tel:800-477-3829\">800-477-3829<\/a><br \/>\n Participant Services: <a href=\"tel:833-747-4015\">833-747-4015<\/a><br \/>\n Spanish Participant Services: <a href=\"tel:888-440-0022\">888-440-0022<\/a>\n<p><a href=\"https:\/\/simpleqdro.com\/\"><strong>SF Lithographers Pension Trust<\/strong><\/a><a href=\"tel:206-298-3403\"> 206-298-3403 \u00a0<\/a>or \u00a0<a href=\"tel:8007004248\">1-800-700-4248<\/a><\/p>\n<p><a href=\"https:\/\/gaijpt.org\/\"><strong>Graphic Arts Industry Joint Pension Trust<\/strong><\/a> 571-800-1860<\/p>\n<h2>\n\t\tPrestaciones por defunci\u00f3n\n\t<\/h2>\n\t<p>Vitalicio con prestaci\u00f3n por fallecimiento en cuotas P\u00f3ngase en contacto con la oficina: <a href=\"tel:510-895-8853\">510-895-8853<\/a><\/p>\n<h2>\n\t\tOtros\n\t<\/h2>\n\t<p><strong><a href=\"https:\/\/www.baycities.org\/\">Bay Cities Credit Union<\/a><\/strong><a href=\"tel:510-690-6100\"> 510-690-6100<\/a><\/p>\n<a href=\"https:\/\/www.tap-program.org\/\"><strong>Teamsters Assistance Program<\/strong><\/a><a href=\"tel:510-562-3600\"> 510-562-3600<br \/>\n<\/a>\n<p><strong><a href=\"https:\/\/teamsters853.org\/es\/descuentos-y-servicios-para-socios-privilegios\/\">Teamsters Privilege Discounts<\/a><\/strong><\/p>\n\n","protected":false},"excerpt":{"rendered":"<p>Planes de asistencia sanitaria y de jubilaci\u00f3n de los Teamsters Local 853 trabaja con una amplia variedad de planes de salud y bienestar, planes de jubilaci\u00f3n y pensiones, etc. A continuaci\u00f3n figura una lista de los planes y servicios que se ofrecen a la mayor\u00eda de los afiliados. \u00bfNo sabe qu\u00e9 plan(es) tiene? P\u00f3ngase en [&hellip;]<\/p>\n","protected":false},"author":2,"featured_media":0,"parent":0,"menu_order":0,"comment_status":"closed","ping_status":"closed","template":"","meta":{"site-sidebar-layout":"default","site-content-layout":"","ast-site-content-layout":"default","site-content-style":"default","site-sidebar-style":"default","ast-global-header-display":"","ast-banner-title-visibility":"","ast-main-header-display":"","ast-hfb-above-header-display":"","ast-hfb-below-header-display":"","ast-hfb-mobile-header-display":"","site-post-title":"disabled","ast-breadcrumbs-content":"","ast-featured-img":"","footer-sml-layout":"","ast-disable-related-posts":"","theme-transparent-header-meta":"","adv-header-id-meta":"","stick-header-meta":"","header-above-stick-meta":"","header-main-stick-meta":"","header-below-stick-meta":"","astra-migrate-meta-layouts":"set","ast-page-background-enabled":"default","ast-page-background-meta":{"desktop":{"background-color":"","background-image":"","background-repeat":"repeat","background-position":"center center","background-size":"auto","background-attachment":"scroll","background-type":"","background-media":"","overlay-type":"","overlay-color":"","overlay-opacity":"","overlay-gradient":""},"tablet":{"background-color":"","background-image":"","background-repeat":"repeat","background-position":"center center","background-size":"auto","background-attachment":"scroll","background-type":"","background-media":"","overlay-type":"","overlay-color":"","overlay-opacity":"","overlay-gradient":""},"mobile":{"background-color":"","background-image":"","background-repeat":"repeat","background-position":"center center","background-size":"auto","background-attachment":"scroll","background-type":"","background-media":"","overlay-type":"","overlay-color":"","overlay-opacity":"","overlay-gradient":""}},"ast-content-background-meta":{"desktop":{"background-color":"var(--ast-global-color-5)","background-image":"","background-repeat":"repeat","background-position":"center center","background-size":"auto","background-attachment":"scroll","background-type":"","background-media":"","overlay-type":"","overlay-color":"","overlay-opacity":"","overlay-gradient":""},"tablet":{"background-color":"var(--ast-global-color-5)","background-image":"","background-repeat":"repeat","background-position":"center center","background-size":"auto","background-attachment":"scroll","background-type":"","background-media":"","overlay-type":"","overlay-color":"","overlay-opacity":"","overlay-gradient":""},"mobile":{"background-color":"var(--ast-global-color-5)","background-image":"","background-repeat":"repeat","background-position":"center center","background-size":"auto","background-attachment":"scroll","background-type":"","background-media":"","overlay-type":"","overlay-color":"","overlay-opacity":"","overlay-gradient":""}},"footnotes":""},"class_list":["post-7536","page","type-page","status-publish","hentry"],"yoast_head":"<!-- This site is optimized with the Yoast SEO plugin v27.4 - https:\/\/yoast.com\/product\/yoast-seo-wordpress\/ -->\n<title>Beneficios - Teamsters Local 853<\/title>\n<meta name=\"robots\" content=\"index, follow, max-snippet:-1, max-image-preview:large, max-video-preview:-1\" \/>\n<link rel=\"canonical\" href=\"https:\/\/teamsters853.org\/es\/beneficios\/\" \/>\n<meta property=\"og:locale\" content=\"es_ES\" \/>\n<meta property=\"og:type\" content=\"article\" \/>\n<meta property=\"og:title\" content=\"Beneficios - Teamsters Local 853\" \/>\n<meta property=\"og:description\" content=\"Planes de asistencia sanitaria y de jubilaci\u00f3n de los Teamsters Local 853 trabaja con una amplia variedad de planes de salud y bienestar, planes de jubilaci\u00f3n y pensiones, etc. A continuaci\u00f3n figura una lista de los planes y servicios que se ofrecen a la mayor\u00eda de los afiliados. \u00bfNo sabe qu\u00e9 plan(es) tiene? P\u00f3ngase en [&hellip;]\" \/>\n<meta property=\"og:url\" content=\"https:\/\/teamsters853.org\/es\/beneficios\/\" \/>\n<meta property=\"og:site_name\" content=\"Teamsters Local 853\" \/>\n<meta property=\"article:publisher\" content=\"https:\/\/www.facebook.com\/team853\/\" \/>\n<meta property=\"article:modified_time\" content=\"2023-11-21T07:31:44+00:00\" \/>\n<meta name=\"twitter:card\" content=\"summary_large_image\" \/>\n<meta name=\"twitter:label1\" content=\"Tiempo de lectura\" \/>\n\t<meta name=\"twitter:data1\" content=\"1 minuto\" \/>\n<script type=\"application\/ld+json\" class=\"yoast-schema-graph\">{\"@context\":\"https:\\\/\\\/schema.org\",\"@graph\":[{\"@type\":\"WebPage\",\"@id\":\"https:\\\/\\\/teamsters853.org\\\/es\\\/beneficios\\\/\",\"url\":\"https:\\\/\\\/teamsters853.org\\\/es\\\/beneficios\\\/\",\"name\":\"Beneficios - Teamsters Local 853\",\"isPartOf\":{\"@id\":\"https:\\\/\\\/teamsters853.org\\\/#website\"},\"datePublished\":\"2020-05-03T20:03:41+00:00\",\"dateModified\":\"2023-11-21T07:31:44+00:00\",\"breadcrumb\":{\"@id\":\"https:\\\/\\\/teamsters853.org\\\/es\\\/beneficios\\\/#breadcrumb\"},\"inLanguage\":\"es\",\"potentialAction\":[{\"@type\":\"ReadAction\",\"target\":[\"https:\\\/\\\/teamsters853.org\\\/es\\\/beneficios\\\/\"]}]},{\"@type\":\"BreadcrumbList\",\"@id\":\"https:\\\/\\\/teamsters853.org\\\/es\\\/beneficios\\\/#breadcrumb\",\"itemListElement\":[{\"@type\":\"ListItem\",\"position\":1,\"name\":\"Home\",\"item\":\"https:\\\/\\\/teamsters853.org\\\/es\\\/\"},{\"@type\":\"ListItem\",\"position\":2,\"name\":\"Beneficios\"}]},{\"@type\":\"WebSite\",\"@id\":\"https:\\\/\\\/teamsters853.org\\\/#website\",\"url\":\"https:\\\/\\\/teamsters853.org\\\/\",\"name\":\"Teamsters Local Union 853\",\"description\":\"WHERE AND WHEN:\",\"publisher\":{\"@id\":\"https:\\\/\\\/teamsters853.org\\\/#organization\"},\"potentialAction\":[{\"@type\":\"SearchAction\",\"target\":{\"@type\":\"EntryPoint\",\"urlTemplate\":\"https:\\\/\\\/teamsters853.org\\\/?s={search_term_string}\"},\"query-input\":{\"@type\":\"PropertyValueSpecification\",\"valueRequired\":true,\"valueName\":\"search_term_string\"}}],\"inLanguage\":\"es\"},{\"@type\":\"Organization\",\"@id\":\"https:\\\/\\\/teamsters853.org\\\/#organization\",\"name\":\"Teamsters Local Union 853\",\"url\":\"https:\\\/\\\/teamsters853.org\\\/\",\"logo\":{\"@type\":\"ImageObject\",\"inLanguage\":\"es\",\"@id\":\"https:\\\/\\\/teamsters853.org\\\/#\\\/schema\\\/logo\\\/image\\\/\",\"url\":\"https:\\\/\\\/teamsters853.org\\\/wp-content\\\/uploads\\\/2023\\\/01\\\/cropped-Teamsters-Local-853-Logo.png\",\"contentUrl\":\"https:\\\/\\\/teamsters853.org\\\/wp-content\\\/uploads\\\/2023\\\/01\\\/cropped-Teamsters-Local-853-Logo.png\",\"width\":600,\"height\":747,\"caption\":\"Teamsters Local Union 853\"},\"image\":{\"@id\":\"https:\\\/\\\/teamsters853.org\\\/#\\\/schema\\\/logo\\\/image\\\/\"},\"sameAs\":[\"https:\\\/\\\/www.facebook.com\\\/team853\\\/\"]}]}<\/script>\n<!-- \/ Yoast SEO plugin. -->","yoast_head_json":{"title":"Beneficios - Teamsters Local 853","robots":{"index":"index","follow":"follow","max-snippet":"max-snippet:-1","max-image-preview":"max-image-preview:large","max-video-preview":"max-video-preview:-1"},"canonical":"https:\/\/teamsters853.org\/es\/beneficios\/","og_locale":"es_ES","og_type":"article","og_title":"Beneficios - Teamsters Local 853","og_description":"Planes de asistencia sanitaria y de jubilaci\u00f3n de los Teamsters Local 853 trabaja con una amplia variedad de planes de salud y bienestar, planes de jubilaci\u00f3n y pensiones, etc. A continuaci\u00f3n figura una lista de los planes y servicios que se ofrecen a la mayor\u00eda de los afiliados. \u00bfNo sabe qu\u00e9 plan(es) tiene? P\u00f3ngase en [&hellip;]","og_url":"https:\/\/teamsters853.org\/es\/beneficios\/","og_site_name":"Teamsters Local 853","article_publisher":"https:\/\/www.facebook.com\/team853\/","article_modified_time":"2023-11-21T07:31:44+00:00","twitter_card":"summary_large_image","twitter_misc":{"Tiempo de lectura":"1 minuto"},"schema":{"@context":"https:\/\/schema.org","@graph":[{"@type":"WebPage","@id":"https:\/\/teamsters853.org\/es\/beneficios\/","url":"https:\/\/teamsters853.org\/es\/beneficios\/","name":"Beneficios - Teamsters Local 853","isPartOf":{"@id":"https:\/\/teamsters853.org\/#website"},"datePublished":"2020-05-03T20:03:41+00:00","dateModified":"2023-11-21T07:31:44+00:00","breadcrumb":{"@id":"https:\/\/teamsters853.org\/es\/beneficios\/#breadcrumb"},"inLanguage":"es","potentialAction":[{"@type":"ReadAction","target":["https:\/\/teamsters853.org\/es\/beneficios\/"]}]},{"@type":"BreadcrumbList","@id":"https:\/\/teamsters853.org\/es\/beneficios\/#breadcrumb","itemListElement":[{"@type":"ListItem","position":1,"name":"Home","item":"https:\/\/teamsters853.org\/es\/"},{"@type":"ListItem","position":2,"name":"Beneficios"}]},{"@type":"WebSite","@id":"https:\/\/teamsters853.org\/#website","url":"https:\/\/teamsters853.org\/","name":"Teamsters Local Union 853","description":"WHERE AND WHEN:","publisher":{"@id":"https:\/\/teamsters853.org\/#organization"},"potentialAction":[{"@type":"SearchAction","target":{"@type":"EntryPoint","urlTemplate":"https:\/\/teamsters853.org\/?s={search_term_string}"},"query-input":{"@type":"PropertyValueSpecification","valueRequired":true,"valueName":"search_term_string"}}],"inLanguage":"es"},{"@type":"Organization","@id":"https:\/\/teamsters853.org\/#organization","name":"Teamsters Local Union 853","url":"https:\/\/teamsters853.org\/","logo":{"@type":"ImageObject","inLanguage":"es","@id":"https:\/\/teamsters853.org\/#\/schema\/logo\/image\/","url":"https:\/\/teamsters853.org\/wp-content\/uploads\/2023\/01\/cropped-Teamsters-Local-853-Logo.png","contentUrl":"https:\/\/teamsters853.org\/wp-content\/uploads\/2023\/01\/cropped-Teamsters-Local-853-Logo.png","width":600,"height":747,"caption":"Teamsters Local Union 853"},"image":{"@id":"https:\/\/teamsters853.org\/#\/schema\/logo\/image\/"},"sameAs":["https:\/\/www.facebook.com\/team853\/"]}]}},"_links":{"self":[{"href":"https:\/\/teamsters853.org\/es\/wp-json\/wp\/v2\/pages\/7536","targetHints":{"allow":["GET"]}}],"collection":[{"href":"https:\/\/teamsters853.org\/es\/wp-json\/wp\/v2\/pages"}],"about":[{"href":"https:\/\/teamsters853.org\/es\/wp-json\/wp\/v2\/types\/page"}],"author":[{"embeddable":true,"href":"https:\/\/teamsters853.org\/es\/wp-json\/wp\/v2\/users\/2"}],"replies":[{"embeddable":true,"href":"https:\/\/teamsters853.org\/es\/wp-json\/wp\/v2\/comments?post=7536"}],"version-history":[{"count":4,"href":"https:\/\/teamsters853.org\/es\/wp-json\/wp\/v2\/pages\/7536\/revisions"}],"predecessor-version":[{"id":7544,"href":"https:\/\/teamsters853.org\/es\/wp-json\/wp\/v2\/pages\/7536\/revisions\/7544"}],"wp:attachment":[{"href":"https:\/\/teamsters853.org\/es\/wp-json\/wp\/v2\/media?parent=7536"}],"curies":[{"name":"wp","href":"https:\/\/api.w.org\/{rel}","templated":true}]}}